{"id":61,"date":"2015-03-02T04:38:49","date_gmt":"2015-03-02T03:38:49","guid":{"rendered":"https:\/\/structure.thememove.com\/?page_id=61"},"modified":"2023-03-16T10:44:40","modified_gmt":"2023-03-16T09:44:40","slug":"azienda","status":"publish","type":"page","link":"https:\/\/www.ppesrl.eu\/-wpress\/azienda\/","title":{"rendered":"&#8212; Azienda"},"content":{"rendered":"<p>[vc_row type=&#8221;full_width&#8221;][vc_column][rev_slider_vc alias=&#8221;about-us&#8221;][vc_empty_space height=&#8221;80px&#8221;][\/vc_column][\/vc_row][vc_row css=&#8221;.vc_custom_1655911660358{margin-top: 20px !important;margin-bottom: 70px !important;}&#8221;][vc_column width=&#8221;2\/3&#8243;][vc_custom_heading text=&#8221;L&#8217;Azienda&#8221; font_container=&#8221;tag:h2|font_size:20|text_align:left|color:%23111111&#8243; el_class=&#8221;heading-title-3&#8243;][vc_column_text]Dal <strong>1982<\/strong> il gruppo a cui appartiene <strong>PPE<\/strong> produce, mediante il sistema rotazionale, serbatoi e contenitori in Polietilene Lineare di media e alta densit\u00e0, utilizzando per lo stampaggio materie prime di alta qualit\u00e0 additivate con prodotti anti U.V.; questa tecnologia permette la realizzazione di manufatti monolitici senza giunzioni che, grazie all\u2019assenza di pressioni nello stampaggio, conferisce ai contenitori, esenti da tensioni, notevole elasticit\u00e0 e resistenza.<\/p>\n<p>Queste propriet\u00e0, unite alle caratteristiche chimico -fisiche del polietilene lineare stabilizzato U.V., rendono i contenitori inalterabili nel tempo anche dopo lunga esposizione agli agenti atmosferici.<\/p>\n<p>Particolarmente resistenti a chemicals acidi e basici, i serbatoi possono essere impiegati a temperature tra -30\u00baC e +60\u00baC; i contenitori destinati ad uso industriale normalmente sono stampati in colore neutro traslucido con impresso un livello ottico graduato.<br \/>\nLa pigmentazione in massa, ossia materia prima precolorata, permette inoltre lo stoccaggio di sostanze sensibili alla luce.<br \/>\nI serbatoi e contenitori stampati in rotazionale sono leggeri, dato il basso peso specifico del polietilene, e anche facili da pulire o sanificare in quanto le pareti interne risultano perfettamente lisce.<\/p>\n<p>Serbatoi sottoposti o destinati ad impieghi particolarmente gravosi, possono essere realizzati con polietilene reticolare ancor pi\u00f9 resistente agli urti ed alle elevate temperature.[\/vc_column_text][vc_empty_space][vc_column_text el_class=&#8221;stile_foto&#8221;]<\/p>\n<h2 style=\"text-align: center;\"><strong>IL POLIETILENE \u00c8 RICICLABILE AL 100%.<\/strong><\/h2>\n<p>[\/vc_column_text][\/vc_column][vc_column width=&#8221;1\/3&#8243;][vc_empty_space height=&#8221;72px&#8221;][vc_single_image image=&#8221;80344&#8243; img_size=&#8221;full&#8221; el_class=&#8221;stile_foto&#8221;][vc_empty_space height=&#8221;35px&#8221;][vc_single_image image=&#8221;80345&#8243; img_size=&#8221;full&#8221; el_class=&#8221;stile_foto&#8221;][\/vc_column][\/vc_row][vc_row][vc_column width=&#8221;2\/3&#8243;][vc_single_image image=&#8221;75791&#8243; img_size=&#8221;full&#8221; el_class=&#8221;stile_foto&#8221;][\/vc_column][vc_column width=&#8221;1\/3&#8243;][vc_column_text]Vasta \u00e8 la possibilit\u00e0 e svariati sono i settori a cui sono destinati i sistemi e i prodotti <strong>PPE<\/strong>, tra questi, industrie chimiche, farmaceutiche, alimentari, tessili, galvaniche e agricole <strong>oltre ovviamente al settore che si occupa di tutela dell\u2019ambiente con particolare riguardo al trattamento, alla gestione ed allo stoccaggio dell\u2019acqua.<\/strong><\/p>\n<p><strong>I sistemi PPE<\/strong> vengono promossi e distribuiti dalla rete commerciale su tutto il territorio Europeo ed extra comunitario.[\/vc_column_text][\/vc_column][\/vc_row][vc_row css=&#8221;.vc_custom_1678959402177{margin-top: 80px !important;}&#8221;][vc_column width=&#8221;1\/3&#8243;][vc_single_image image=&#8221;80357&#8243; img_size=&#8221;full&#8221; alignment=&#8221;center&#8221; style=&#8221;vc_box_rounded&#8221; el_class=&#8221;stile_foto&#8221;][vc_empty_space height=&#8221;25px&#8221;][vc_column_text]<\/p>\n<h4>SICUREZZA<\/h4>\n<p id=\"tw-target-text\" class=\"tw-data-text tw-text-large tw-ta\" dir=\"ltr\" style=\"text-align: left;\" data-placeholder=\"Traduzione\"><span class=\"Y2IQFc\" lang=\"it\">La sicurezza \u00e8 il pi\u00f9 importante dei nostri valori fondamentali. \u00c8 la nostra prima priorit\u00e0 durante ogni giornata lavorativa.<\/span><\/p>\n<p>[\/vc_column_text][\/vc_column][vc_column width=&#8221;1\/3&#8243;][vc_single_image image=&#8221;80358&#8243; img_size=&#8221;full&#8221; alignment=&#8221;center&#8221; style=&#8221;vc_box_rounded&#8221; el_class=&#8221;stile_foto&#8221;][vc_empty_space height=&#8221;25px&#8221;][vc_column_text]<\/p>\n<h4>COMUNITA&#8217;<\/h4>\n<p style=\"text-align: left;\">Il coinvolgimento e il supporto della comunit\u00e0 sono al centro della nostra azienda.<\/p>\n<p>[\/vc_column_text][\/vc_column][vc_column width=&#8221;1\/3&#8243;][vc_single_image image=&#8221;80359&#8243; img_size=&#8221;full&#8221; alignment=&#8221;center&#8221; style=&#8221;vc_box_rounded&#8221; el_class=&#8221;stile_foto&#8221;][vc_empty_space height=&#8221;25px&#8221;][vc_column_text]<\/p>\n<h4>SOSTENIBILITA&#8217;<\/h4>\n<p style=\"text-align: left;\">L&#8217;impegno della struttura per la sostenibilit\u00e0 \u00e8 di lunga data.<\/p>\n<p>[\/vc_column_text][\/vc_column][\/vc_row][vc_row][vc_column][vc_empty_space height=&#8221;70px&#8221;][\/vc_column][\/vc_row]<\/p>\n","protected":false},"excerpt":{"rendered":"<p>[vc_row type=&#8221;full_width&#8221;][vc_column][rev_slider_vc alias=&#8221;about-us&#8221;][vc_empty_space height=&#8221;80px&#8221;][\/vc_column][\/vc_row][vc_row css=&#8221;.vc_custom_1655911660358{margin-top: 20px !important;margin-bottom: 70px !important;}&#8221;][vc_column width=&#8221;2\/3&#8243;][vc_custom_heading text=&#8221;L&#8217;Azienda&#8221; font_container=&#8221;tag:h2|font_size:20|text_align:left|color:%23111111&#8243; el_class=&#8221;heading-title-3&#8243;][vc_column_text]Dal 1982 il gruppo a cui appartiene PPE produce, mediante il sistema rotazionale, serbatoi e contenitori in Polietilene Lineare di media e alta densit\u00e0, utilizzando per lo stampaggio materie prime di alta qualit\u00e0 additivate con prodotti anti U.V.; questa tecnologia permette la realizzazione [&hellip;]<\/p>\n","protected":false},"author":1,"featured_media":0,"parent":0,"menu_order":0,"comment_status":"closed","ping_status":"closed","template":"","meta":{"footnotes":""},"class_list":["post-61","page","type-page","status-publish","hentry"],"yoast_head":"<!-- This site is optimized with the Yoast SEO plugin v24.5 - https:\/\/yoast.com\/wordpress\/plugins\/seo\/ -->\n<title>- Azienda - PPE Srl<\/title>\n<meta name=\"robots\" content=\"index, follow, max-snippet:-1, max-image-preview:large, max-video-preview:-1\" \/>\n<link rel=\"canonical\" href=\"https:\/\/www.ppesrl.eu\/-wpress\/azienda\/\" \/>\n<meta property=\"og:locale\" content=\"it_IT\" \/>\n<meta property=\"og:type\" content=\"article\" \/>\n<meta property=\"og:title\" content=\"- Azienda - PPE Srl\" \/>\n<meta property=\"og:description\" content=\"[vc_row type=&#8221;full_width&#8221;][vc_column][rev_slider_vc alias=&#8221;about-us&#8221;][vc_empty_space height=&#8221;80px&#8221;][\/vc_column][\/vc_row][vc_row css=&#8221;.vc_custom_1655911660358{margin-top: 20px !important;margin-bottom: 70px !important;}&#8221;][vc_column width=&#8221;2\/3&#8243;][vc_custom_heading text=&#8221;L&#8217;Azienda&#8221; font_container=&#8221;tag:h2|font_size:20|text_align:left|color:%23111111&#8243; el_class=&#8221;heading-title-3&#8243;][vc_column_text]Dal 1982 il gruppo a cui appartiene PPE produce, mediante il sistema rotazionale, serbatoi e contenitori in Polietilene Lineare di media e alta densit\u00e0, utilizzando per lo stampaggio materie prime di alta qualit\u00e0 additivate con prodotti anti U.V.; questa tecnologia permette la realizzazione [&hellip;]\" \/>\n<meta property=\"og:url\" content=\"https:\/\/www.ppesrl.eu\/-wpress\/azienda\/\" \/>\n<meta property=\"og:site_name\" content=\"PPE Srl\" \/>\n<meta property=\"article:modified_time\" content=\"2023-03-16T09:44:40+00:00\" \/>\n<meta name=\"twitter:card\" content=\"summary_large_image\" \/>\n<meta name=\"twitter:label1\" content=\"Tempo di lettura stimato\" \/>\n\t<meta name=\"twitter:data1\" content=\"3 minuti\" \/>\n<script type=\"application\/ld+json\" class=\"yoast-schema-graph\">{\"@context\":\"https:\/\/schema.org\",\"@graph\":[{\"@type\":\"WebPage\",\"@id\":\"https:\/\/www.ppesrl.eu\/-wpress\/azienda\/\",\"url\":\"https:\/\/www.ppesrl.eu\/-wpress\/azienda\/\",\"name\":\"- Azienda - PPE Srl\",\"isPartOf\":{\"@id\":\"https:\/\/www.ppesrl.eu\/-wpress\/#website\"},\"datePublished\":\"2015-03-02T03:38:49+00:00\",\"dateModified\":\"2023-03-16T09:44:40+00:00\",\"breadcrumb\":{\"@id\":\"https:\/\/www.ppesrl.eu\/-wpress\/azienda\/#breadcrumb\"},\"inLanguage\":\"it-IT\",\"potentialAction\":[{\"@type\":\"ReadAction\",\"target\":[\"https:\/\/www.ppesrl.eu\/-wpress\/azienda\/\"]}]},{\"@type\":\"BreadcrumbList\",\"@id\":\"https:\/\/www.ppesrl.eu\/-wpress\/azienda\/#breadcrumb\",\"itemListElement\":[{\"@type\":\"ListItem\",\"position\":1,\"name\":\"Home\",\"item\":\"https:\/\/www.ppesrl.eu\/-wpress\/\"},{\"@type\":\"ListItem\",\"position\":2,\"name\":\"&#8212; Azienda\"}]},{\"@type\":\"WebSite\",\"@id\":\"https:\/\/www.ppesrl.eu\/-wpress\/#website\",\"url\":\"https:\/\/www.ppesrl.eu\/-wpress\/\",\"name\":\"PPE Srl\",\"description\":\"Plastic Proget European\",\"potentialAction\":[{\"@type\":\"SearchAction\",\"target\":{\"@type\":\"EntryPoint\",\"urlTemplate\":\"https:\/\/www.ppesrl.eu\/-wpress\/?s={search_term_string}\"},\"query-input\":{\"@type\":\"PropertyValueSpecification\",\"valueRequired\":true,\"valueName\":\"search_term_string\"}}],\"inLanguage\":\"it-IT\"}]}<\/script>\n<!-- \/ Yoast SEO plugin. -->","yoast_head_json":{"title":"- Azienda - PPE Srl","robots":{"index":"index","follow":"follow","max-snippet":"max-snippet:-1","max-image-preview":"max-image-preview:large","max-video-preview":"max-video-preview:-1"},"canonical":"https:\/\/www.ppesrl.eu\/-wpress\/azienda\/","og_locale":"it_IT","og_type":"article","og_title":"- Azienda - PPE Srl","og_description":"[vc_row type=&#8221;full_width&#8221;][vc_column][rev_slider_vc alias=&#8221;about-us&#8221;][vc_empty_space height=&#8221;80px&#8221;][\/vc_column][\/vc_row][vc_row css=&#8221;.vc_custom_1655911660358{margin-top: 20px !important;margin-bottom: 70px !important;}&#8221;][vc_column width=&#8221;2\/3&#8243;][vc_custom_heading text=&#8221;L&#8217;Azienda&#8221; font_container=&#8221;tag:h2|font_size:20|text_align:left|color:%23111111&#8243; el_class=&#8221;heading-title-3&#8243;][vc_column_text]Dal 1982 il gruppo a cui appartiene PPE produce, mediante il sistema rotazionale, serbatoi e contenitori in Polietilene Lineare di media e alta densit\u00e0, utilizzando per lo stampaggio materie prime di alta qualit\u00e0 additivate con prodotti anti U.V.; questa tecnologia permette la realizzazione [&hellip;]","og_url":"https:\/\/www.ppesrl.eu\/-wpress\/azienda\/","og_site_name":"PPE Srl","article_modified_time":"2023-03-16T09:44:40+00:00","twitter_card":"summary_large_image","twitter_misc":{"Tempo di lettura stimato":"3 minuti"},"schema":{"@context":"https:\/\/schema.org","@graph":[{"@type":"WebPage","@id":"https:\/\/www.ppesrl.eu\/-wpress\/azienda\/","url":"https:\/\/www.ppesrl.eu\/-wpress\/azienda\/","name":"- Azienda - PPE Srl","isPartOf":{"@id":"https:\/\/www.ppesrl.eu\/-wpress\/#website"},"datePublished":"2015-03-02T03:38:49+00:00","dateModified":"2023-03-16T09:44:40+00:00","breadcrumb":{"@id":"https:\/\/www.ppesrl.eu\/-wpress\/azienda\/#breadcrumb"},"inLanguage":"it-IT","potentialAction":[{"@type":"ReadAction","target":["https:\/\/www.ppesrl.eu\/-wpress\/azienda\/"]}]},{"@type":"BreadcrumbList","@id":"https:\/\/www.ppesrl.eu\/-wpress\/azienda\/#breadcrumb","itemListElement":[{"@type":"ListItem","position":1,"name":"Home","item":"https:\/\/www.ppesrl.eu\/-wpress\/"},{"@type":"ListItem","position":2,"name":"&#8212; Azienda"}]},{"@type":"WebSite","@id":"https:\/\/www.ppesrl.eu\/-wpress\/#website","url":"https:\/\/www.ppesrl.eu\/-wpress\/","name":"PPE Srl","description":"Plastic Proget European","potentialAction":[{"@type":"SearchAction","target":{"@type":"EntryPoint","urlTemplate":"https:\/\/www.ppesrl.eu\/-wpress\/?s={search_term_string}"},"query-input":{"@type":"PropertyValueSpecification","valueRequired":true,"valueName":"search_term_string"}}],"inLanguage":"it-IT"}]}},"_links":{"self":[{"href":"https:\/\/www.ppesrl.eu\/-wpress\/wp-json\/wp\/v2\/pages\/61","targetHints":{"allow":["GET"]}}],"collection":[{"href":"https:\/\/www.ppesrl.eu\/-wpress\/wp-json\/wp\/v2\/pages"}],"about":[{"href":"https:\/\/www.ppesrl.eu\/-wpress\/wp-json\/wp\/v2\/types\/page"}],"author":[{"embeddable":true,"href":"https:\/\/www.ppesrl.eu\/-wpress\/wp-json\/wp\/v2\/users\/1"}],"replies":[{"embeddable":true,"href":"https:\/\/www.ppesrl.eu\/-wpress\/wp-json\/wp\/v2\/comments?post=61"}],"version-history":[{"count":32,"href":"https:\/\/www.ppesrl.eu\/-wpress\/wp-json\/wp\/v2\/pages\/61\/revisions"}],"predecessor-version":[{"id":80360,"href":"https:\/\/www.ppesrl.eu\/-wpress\/wp-json\/wp\/v2\/pages\/61\/revisions\/80360"}],"wp:attachment":[{"href":"https:\/\/www.ppesrl.eu\/-wpress\/wp-json\/wp\/v2\/media?parent=61"}],"curies":[{"name":"wp","href":"https:\/\/api.w.org\/{rel}","templated":true}]}}