{"id":75585,"date":"2022-06-23T10:14:44","date_gmt":"2022-06-23T08:14:44","guid":{"rendered":"https:\/\/www.ppesrl.eu\/-wpress\/?page_id=75585"},"modified":"2023-10-10T21:41:32","modified_gmt":"2023-10-10T19:41:32","slug":"manualistica","status":"publish","type":"page","link":"https:\/\/www.ppesrl.eu\/-wpress\/azienda\/manualistica\/","title":{"rendered":"&#8212; Manualistica"},"content":{"rendered":"<p>[vc_row type=&#8221;full_width&#8221;][vc_column][rev_slider_vc alias=&#8221;about-us&#8221;][\/vc_column][\/vc_row][vc_row css=&#8221;.vc_custom_1655975314008{margin-top: 20px !important;}&#8221;][vc_column width=&#8221;3\/4&#8243;][vc_custom_heading text=&#8221;Manualistica&#8221; font_container=&#8221;tag:h2|font_size:20|text_align:left|color:%23111111&#8243; el_class=&#8221;heading-title-3&#8243;][vc_column_text]<\/p>\n<h3><strong>MOVIMENTAZIONE E POSA DEI SISTEMI A CATALOGO<\/strong><\/h3>\n<p>Basarsi su regole applicate in modo pratico, con l\u2019esperienza e il rispetto del progetto \u00e8 certamente utile ad ottenere installazioni di qualit\u00e0.<br \/>\nDi seguito, con l\u2019aiuto di illustrazioni e commenti, troviamo il \u201ccome si fa\u201d. Si tratta di indicazioni, consigli e prescrizioni da seguire durante tutte le fasi che seguono l\u2019acquisto di un prodotto o di un componente catalogato, dalla sua uscita dallo stabilimento al suo impiego; nella fase di installazione o montaggio seguire le regole, senza escludere esperienza e buon senso, consentir\u00e0 di ottenere il miglior risultato possibile. Leggere ed assimilare i contenuti delle prescrizioni agevoler\u00e0 il lavoro e garantir\u00e0 l\u2019assenza di difetti nelle opere che si andranno a costruire e in seguito ad utilizzare con soddisfazione e in sicurezza.[\/vc_column_text][vc_row_inner css=&#8221;.vc_custom_1696923087876{margin-top: 25px !important;}&#8221;][vc_column_inner width=&#8221;1\/2&#8243;][\/vc_column_inner][vc_column_inner width=&#8221;1\/2&#8243;][\/vc_column_inner][\/vc_row_inner][vc_row_inner][vc_column_inner width=&#8221;1\/2&#8243;][vc_column_text]<strong>Italiano<\/strong>[\/vc_column_text][vc_btn title=&#8221;Fosse Biologiche&#8221; style=&#8221;outline&#8221; color=&#8221;success&#8221; size=&#8221;sm&#8221; align=&#8221;left&#8221; i_align=&#8221;right&#8221; i_icon_fontawesome=&#8221;far fa-file-pdf&#8221; button_block=&#8221;true&#8221; add_icon=&#8221;true&#8221; css=&#8221;.vc_custom_1696923167849{margin-top: 15px !important;margin-bottom: 25px !important;}&#8221; link=&#8221;url:https%3A%2F%2Fwww.ppesrl.eu%2F-wpress%2Fwp-content%2Fuploads%2F2023%2F10%2Fmodalita-interro-fosse.pdf|target:_blank&#8221;][vc_btn title=&#8221;Serie INTERR&#8221; style=&#8221;outline&#8221; color=&#8221;success&#8221; size=&#8221;sm&#8221; align=&#8221;left&#8221; i_align=&#8221;right&#8221; i_icon_fontawesome=&#8221;far fa-file-pdf&#8221; button_block=&#8221;true&#8221; add_icon=&#8221;true&#8221; css=&#8221;.vc_custom_1696923291035{margin-top: 15px !important;margin-bottom: 25px !important;}&#8221; link=&#8221;url:https%3A%2F%2Fwww.ppesrl.eu%2F-wpress%2Fwp-content%2Fuploads%2F2023%2F10%2FInstallazione-Interr.pdf|target:_blank&#8221;][vc_btn title=&#8221;Serie UNDERGROUND&#8221; style=&#8221;outline&#8221; color=&#8221;success&#8221; size=&#8221;sm&#8221; align=&#8221;left&#8221; i_align=&#8221;right&#8221; i_icon_fontawesome=&#8221;far fa-file-pdf&#8221; button_block=&#8221;true&#8221; add_icon=&#8221;true&#8221; css=&#8221;.vc_custom_1696923475424{margin-top: 15px !important;margin-bottom: 25px !important;}&#8221; link=&#8221;url:https%3A%2F%2Fwww.ppesrl.eu%2F-wpress%2Fwp-content%2Fuploads%2F2023%2F10%2FInstallazione-Underground.pdf|target:_blank&#8221;][vc_btn title=&#8221;Serie ORIZON&#8221; style=&#8221;outline&#8221; color=&#8221;success&#8221; size=&#8221;sm&#8221; align=&#8221;left&#8221; i_align=&#8221;right&#8221; i_icon_fontawesome=&#8221;far fa-file-pdf&#8221; button_block=&#8221;true&#8221; add_icon=&#8221;true&#8221; css=&#8221;.vc_custom_1696923513144{margin-top: 15px !important;margin-bottom: 25px !important;}&#8221; link=&#8221;url:https%3A%2F%2Fwww.ppesrl.eu%2F-wpress%2Fwp-content%2Fuploads%2F2023%2F10%2FIstruzioni-per-linstallazione_Orizon_07-2013.pdf|target:_blank&#8221;][vc_btn title=&#8221;Serie STOCK\/VERTICAL&#8221; style=&#8221;outline&#8221; color=&#8221;success&#8221; size=&#8221;sm&#8221; align=&#8221;left&#8221; i_align=&#8221;right&#8221; i_icon_fontawesome=&#8221;far fa-file-pdf&#8221; button_block=&#8221;true&#8221; add_icon=&#8221;true&#8221; css=&#8221;.vc_custom_1696923605393{margin-top: 15px !important;margin-bottom: 25px !important;}&#8221; link=&#8221;url:https%3A%2F%2Fwww.ppesrl.eu%2F-wpress%2Fwp-content%2Fuploads%2F2023%2F10%2FIstruzioni-per-installazione_Stok-Vertical_07-2013.pdf|target:_blank&#8221;][\/vc_column_inner][vc_column_inner width=&#8221;1\/2&#8243;][vc_column_text]<strong>English<\/strong>[\/vc_column_text][vc_empty_space height=&#8221;62px&#8221;][vc_btn title=&#8221;INTERR Series&#8221; style=&#8221;outline&#8221; color=&#8221;success&#8221; size=&#8221;sm&#8221; align=&#8221;left&#8221; i_align=&#8221;right&#8221; i_icon_fontawesome=&#8221;far fa-file-pdf&#8221; button_block=&#8221;true&#8221; add_icon=&#8221;true&#8221; css=&#8221;.vc_custom_1696923329115{margin-top: 15px !important;margin-bottom: 25px !important;}&#8221; link=&#8221;url:https%3A%2F%2Fwww.ppesrl.eu%2F-wpress%2Fwp-content%2Fuploads%2F2023%2F10%2FInstallazione-Interr_ITA_ENG.pdf|target:_blank&#8221;][vc_btn title=&#8221;UNDERGROUND Series&#8221; style=&#8221;outline&#8221; color=&#8221;success&#8221; size=&#8221;sm&#8221; align=&#8221;left&#8221; i_align=&#8221;right&#8221; i_icon_fontawesome=&#8221;far fa-file-pdf&#8221; button_block=&#8221;true&#8221; add_icon=&#8221;true&#8221; css=&#8221;.vc_custom_1696923427520{margin-top: 15px !important;margin-bottom: 25px !important;}&#8221; link=&#8221;url:https%3A%2F%2Fwww.ppesrl.eu%2F-wpress%2Fwp-content%2Fuploads%2F2023%2F10%2FInstallazione-Underground_ITA_ENG.pdf|target:_blank&#8221;][vc_btn title=&#8221;ORIZON Series&#8221; style=&#8221;outline&#8221; color=&#8221;success&#8221; size=&#8221;sm&#8221; align=&#8221;left&#8221; i_align=&#8221;right&#8221; i_icon_fontawesome=&#8221;far fa-file-pdf&#8221; button_block=&#8221;true&#8221; add_icon=&#8221;true&#8221; css=&#8221;.vc_custom_1696923550783{margin-top: 15px !important;margin-bottom: 25px !important;}&#8221; link=&#8221;url:https%3A%2F%2Fwww.ppesrl.eu%2F-wpress%2Fwp-content%2Fuploads%2F2023%2F10%2FIstruzioni-per-installazione_Orizon_07-2013_ITA_ENG.pdf|target:_blank&#8221;][vc_btn title=&#8221;STOCK\/VERTICAL Series&#8221; style=&#8221;outline&#8221; color=&#8221;success&#8221; size=&#8221;sm&#8221; align=&#8221;left&#8221; i_align=&#8221;right&#8221; i_icon_fontawesome=&#8221;far fa-file-pdf&#8221; button_block=&#8221;true&#8221; add_icon=&#8221;true&#8221; css=&#8221;.vc_custom_1696923637840{margin-top: 15px !important;margin-bottom: 25px !important;}&#8221; link=&#8221;url:https%3A%2F%2Fwww.ppesrl.eu%2F-wpress%2Fwp-content%2Fuploads%2F2023%2F10%2FIstruzioni-per-installazione_Stok-Vertical_07-2013_ITA_ENG.pdf|target:_blank&#8221;][\/vc_column_inner][\/vc_row_inner][\/vc_column][vc_column width=&#8221;1\/4&#8243;][vc_empty_space height=&#8221;72px&#8221;][vc_single_image image=&#8221;75590&#8243; img_size=&#8221;full&#8221; el_class=&#8221;stile_foto&#8221;][vc_empty_space height=&#8221;35px&#8221;][\/vc_column][\/vc_row][vc_row css=&#8221;.vc_custom_1655975277385{margin-top: 0px !important;margin-bottom: 0px !important;border-top-width: 0px !important;border-bottom-width: 0px !important;padding-top: 0px !important;padding-bottom: 0px !important;}&#8221;][vc_column][vc_column_text css=&#8221;.vc_custom_1655975327690{margin-top: 20px !important;margin-bottom: 30px !important;}&#8221;]<\/p>\n<div style=\"border-top: 1px solid #64b445; width: 100%;\"><\/div>\n<p>[\/vc_column_text][\/vc_column][\/vc_row][vc_row][vc_column width=&#8221;5\/6&#8243;][vc_column_text]<\/p>\n<h3><strong>Come si calcola la giusta capienza delle Vasche di Sicurezza<\/strong><\/h3>\n<p>Se dobbiamo stoccare uno o pi\u00f9 serbatoi in un \u201cbacino di contenimento\u201d, dobbiamo ricordarci che, secondo il D.Lgs. 152\/2006 e successive modifiche, il D.M. 161\/2002, il D.P.R. 915\/1982 e il D.M. del 31\/07\/1934, attualmente in vigore, il bacino pu\u00f2 contenere il maggiore tra:<\/p>\n<ul>\n<li>Il volume del contenitore maggiore stoccato<\/li>\n<li>Il 33% del volume totale stoccato<\/li>\n<\/ul>\n<p>[\/vc_column_text][\/vc_column][vc_column width=&#8221;1\/6&#8243;][vc_btn title=&#8221;Scarica Brochure&#8221; style=&#8221;outline&#8221; color=&#8221;success&#8221; size=&#8221;sm&#8221; align=&#8221;left&#8221; i_align=&#8221;right&#8221; i_icon_fontawesome=&#8221;far fa-file-pdf&#8221; button_block=&#8221;true&#8221; add_icon=&#8221;true&#8221; css=&#8221;.vc_custom_1664958039082{margin-top: 15px !important;margin-bottom: 25px !important;}&#8221; link=&#8221;url:https%3A%2F%2Fwww.ppesrl.eu%2F-wpress%2Fwp-content%2Fuploads%2F2022%2F10%2FCome-si-calcola-la-giusta-capienza-delle-vasche-di-sicurezza.pdf|target:_blank&#8221;][\/vc_column][\/vc_row][vc_row css=&#8221;.vc_custom_1655975277385{margin-top: 0px !important;margin-bottom: 0px !important;border-top-width: 0px !important;border-bottom-width: 0px !important;padding-top: 0px !important;padding-bottom: 0px !important;}&#8221;][vc_column][vc_column_text css=&#8221;.vc_custom_1655975327690{margin-top: 20px !important;margin-bottom: 30px !important;}&#8221;]<\/p>\n<div style=\"border-top: 1px solid #64b445; width: 100%;\"><\/div>\n<p>[\/vc_column_text][\/vc_column][\/vc_row][vc_row][vc_column width=&#8221;5\/6&#8243;][vc_column_text]<\/p>\n<h3><strong>GUIDA D&#8217;USO CONTENITORI\/SERBATOI SERIE INDUSTRIA<\/strong><\/h3>\n<p>L\u2019IMPIEGO DEI NOSTRI CONTENITORI E SERBATOI \u00c8 MOLTO SEMPLICE E NON RICHIEDE PARTICOLARI ISTRUZIONI, RITENIAMO COMUNQUE UTILE ELENCARVI ALCUNE PRECISAZIONI E SUGGERIMENTI:<\/p>\n<ul>\n<li>l serbatoi devono essere impiegati a pressione atmosferica e non possono essere sottoposti a pressione o depressione, la temperatura di esercizio \u00e8 compresa tra \u201330\u00b0 C e +60\u00b0 C, non posizionare i serbatoi nelle vicinanze di fonti di calore;<\/li>\n<li>I nostri serbatoi vengono costruiti tenendo conto del tipo di prodotto, del peso specifico, della sua aggressivit\u00e0 e della temperatura di esercizio, queste informazioni ci vengono trasmesse dal cliente al momento dell\u2019ordine, lo spessore delle pareti dei serbatoi vengono calcolate impiegando la formula riportata dalla normativa ASTM D 1998-97.<\/li>\n<\/ul>\n<p>[\/vc_column_text][\/vc_column][vc_column width=&#8221;1\/6&#8243;][vc_btn title=&#8221;Scarica Brochure&#8221; style=&#8221;outline&#8221; color=&#8221;success&#8221; size=&#8221;sm&#8221; align=&#8221;left&#8221; i_align=&#8221;right&#8221; i_icon_fontawesome=&#8221;far fa-file-pdf&#8221; button_block=&#8221;true&#8221; add_icon=&#8221;true&#8221; css=&#8221;.vc_custom_1696578107314{margin-top: 15px !important;margin-bottom: 25px !important;}&#8221; link=&#8221;url:https%3A%2F%2Fwww.ppesrl.eu%2F-wpress%2Fwp-content%2Fuploads%2F2023%2F10%2FGuida-uso-dei-contenitori.pdf|target:_blank&#8221;][vc_btn title=&#8221;Download Brochure&#8221; style=&#8221;outline&#8221; color=&#8221;success&#8221; size=&#8221;sm&#8221; align=&#8221;left&#8221; i_align=&#8221;right&#8221; i_icon_fontawesome=&#8221;far fa-file-pdf&#8221; button_block=&#8221;true&#8221; add_icon=&#8221;true&#8221; css=&#8221;.vc_custom_1696966804654{margin-top: 15px !important;margin-bottom: 25px !important;}&#8221; link=&#8221;url:https%3A%2F%2Fwww.ppesrl.eu%2F-wpress%2Fwp-content%2Fuploads%2F2023%2F10%2FGuida-duso_inglese.pdf|target:_blank&#8221;][\/vc_column][\/vc_row][vc_row][vc_column][vc_column_text css=&#8221;.vc_custom_1655975120996{padding-top: 20px !important;padding-bottom: 30px !important;}&#8221;]<\/p>\n<div style=\"border-top: 1px solid #64b445; width: 100%;\"><\/div>\n<p>[\/vc_column_text][\/vc_column][\/vc_row][vc_row][vc_column width=&#8221;5\/6&#8243;][vc_column_text]<\/p>\n<h3>POLIETILENE<br \/>\nTabella di Resistenza Chimica del Polietilene a Bassa e ad Alta Densit\u00e0<\/h3>\n<p>La tabella presente su questo documento riassume i dati riportati in una serie di tabelle di resistenza chimica attualmente in uso in vari paesi, derivanti sia da esperienze pratiche che da risultati dei test.<\/p>\n<p>Rif.: ISO \/ TR 7472, 7474; Carlowitz: &#8220;Kunststofftabellen-3. Auflage &#8220;.<\/p>\n<p>La tabella contiene una valutazione della resistenza chimica di un certo numero di liquidi ritenuti essere aggressive verso il polietilene a bassa e ad alta densit\u00e0. Questa valutazione si basa su valori ottenuti per immersione di campioni di polietilene a bassa e ad alta densit\u00e0<br \/>\nnel fluido in questione a 20 e 60\u00b0C a pressione atmosferica, in alcuni casi, seguita dalla determinazione delle caratteristiche di trazione.<\/p>\n<p>[\/vc_column_text][\/vc_column][vc_column width=&#8221;1\/6&#8243;][vc_btn title=&#8221;Scarica Brochure&#8221; style=&#8221;outline&#8221; color=&#8221;success&#8221; size=&#8221;sm&#8221; align=&#8221;left&#8221; i_align=&#8221;right&#8221; i_icon_fontawesome=&#8221;far fa-file-pdf&#8221; button_block=&#8221;true&#8221; add_icon=&#8221;true&#8221; css=&#8221;.vc_custom_1696593772680{margin-top: 15px !important;margin-bottom: 25px !important;}&#8221; link=&#8221;url:https%3A%2F%2Fwww.ppesrl.eu%2F-wpress%2Fwp-content%2Fuploads%2F2023%2F10%2FResistenza-chimica_polietilene_lh_hd_ita.pdf|target:_blank&#8221;][vc_btn title=&#8221;Download Brochure&#8221; style=&#8221;outline&#8221; color=&#8221;success&#8221; size=&#8221;sm&#8221; align=&#8221;left&#8221; i_align=&#8221;right&#8221; i_icon_fontawesome=&#8221;far fa-file-pdf&#8221; button_block=&#8221;true&#8221; add_icon=&#8221;true&#8221; css=&#8221;.vc_custom_1696593742584{margin-top: 15px !important;margin-bottom: 25px !important;}&#8221; link=&#8221;url:https%3A%2F%2Fwww.ppesrl.eu%2F-wpress%2Fwp-content%2Fuploads%2F2023%2F10%2FChemical-resistance-hdpe-ldpe_ed-3.pdf|target:_blank&#8221;][\/vc_column][\/vc_row][vc_row][vc_column][vc_empty_space height=&#8221;70&#8243;][\/vc_column][\/vc_row]<\/p>\n","protected":false},"excerpt":{"rendered":"<p>[vc_row type=&#8221;full_width&#8221;][vc_column][rev_slider_vc alias=&#8221;about-us&#8221;][\/vc_column][\/vc_row][vc_row css=&#8221;.vc_custom_1655975314008{margin-top: 20px !important;}&#8221;][vc_column width=&#8221;3\/4&#8243;][vc_custom_heading text=&#8221;Manualistica&#8221; font_container=&#8221;tag:h2|font_size:20|text_align:left|color:%23111111&#8243; el_class=&#8221;heading-title-3&#8243;][vc_column_text] MOVIMENTAZIONE E POSA DEI SISTEMI A CATALOGO Basarsi su regole applicate in modo pratico, con l\u2019esperienza e il rispetto del progetto \u00e8 certamente utile ad ottenere installazioni di qualit\u00e0. Di seguito, con l\u2019aiuto di illustrazioni e commenti, troviamo il \u201ccome si fa\u201d. Si tratta di [&hellip;]<\/p>\n","protected":false},"author":1,"featured_media":0,"parent":61,"menu_order":0,"comment_status":"closed","ping_status":"closed","template":"","meta":{"footnotes":""},"class_list":["post-75585","page","type-page","status-publish","hentry"],"yoast_head":"<!-- This site is optimized with the Yoast SEO plugin v24.5 - https:\/\/yoast.com\/wordpress\/plugins\/seo\/ -->\n<title>- Manualistica - PPE Srl<\/title>\n<meta name=\"robots\" content=\"index, follow, max-snippet:-1, max-image-preview:large, max-video-preview:-1\" \/>\n<link rel=\"canonical\" href=\"https:\/\/www.ppesrl.eu\/-wpress\/azienda\/manualistica\/\" \/>\n<meta property=\"og:locale\" content=\"it_IT\" \/>\n<meta property=\"og:type\" content=\"article\" \/>\n<meta property=\"og:title\" content=\"- Manualistica - PPE Srl\" \/>\n<meta property=\"og:description\" content=\"[vc_row type=&#8221;full_width&#8221;][vc_column][rev_slider_vc alias=&#8221;about-us&#8221;][\/vc_column][\/vc_row][vc_row css=&#8221;.vc_custom_1655975314008{margin-top: 20px !important;}&#8221;][vc_column width=&#8221;3\/4&#8243;][vc_custom_heading text=&#8221;Manualistica&#8221; font_container=&#8221;tag:h2|font_size:20|text_align:left|color:%23111111&#8243; el_class=&#8221;heading-title-3&#8243;][vc_column_text] MOVIMENTAZIONE E POSA DEI SISTEMI A CATALOGO Basarsi su regole applicate in modo pratico, con l\u2019esperienza e il rispetto del progetto \u00e8 certamente utile ad ottenere installazioni di qualit\u00e0. Di seguito, con l\u2019aiuto di illustrazioni e commenti, troviamo il \u201ccome si fa\u201d. Si tratta di [&hellip;]\" \/>\n<meta property=\"og:url\" content=\"https:\/\/www.ppesrl.eu\/-wpress\/azienda\/manualistica\/\" \/>\n<meta property=\"og:site_name\" content=\"PPE Srl\" \/>\n<meta property=\"article:modified_time\" content=\"2023-10-10T19:41:32+00:00\" \/>\n<meta name=\"twitter:card\" content=\"summary_large_image\" \/>\n<meta name=\"twitter:label1\" content=\"Tempo di lettura stimato\" \/>\n\t<meta name=\"twitter:data1\" content=\"4 minuti\" \/>\n<script type=\"application\/ld+json\" class=\"yoast-schema-graph\">{\"@context\":\"https:\/\/schema.org\",\"@graph\":[{\"@type\":\"WebPage\",\"@id\":\"https:\/\/www.ppesrl.eu\/-wpress\/azienda\/manualistica\/\",\"url\":\"https:\/\/www.ppesrl.eu\/-wpress\/azienda\/manualistica\/\",\"name\":\"- Manualistica - PPE Srl\",\"isPartOf\":{\"@id\":\"https:\/\/www.ppesrl.eu\/-wpress\/#website\"},\"datePublished\":\"2022-06-23T08:14:44+00:00\",\"dateModified\":\"2023-10-10T19:41:32+00:00\",\"breadcrumb\":{\"@id\":\"https:\/\/www.ppesrl.eu\/-wpress\/azienda\/manualistica\/#breadcrumb\"},\"inLanguage\":\"it-IT\",\"potentialAction\":[{\"@type\":\"ReadAction\",\"target\":[\"https:\/\/www.ppesrl.eu\/-wpress\/azienda\/manualistica\/\"]}]},{\"@type\":\"BreadcrumbList\",\"@id\":\"https:\/\/www.ppesrl.eu\/-wpress\/azienda\/manualistica\/#breadcrumb\",\"itemListElement\":[{\"@type\":\"ListItem\",\"position\":1,\"name\":\"Home\",\"item\":\"https:\/\/www.ppesrl.eu\/-wpress\/\"},{\"@type\":\"ListItem\",\"position\":2,\"name\":\"&#8212; Azienda\",\"item\":\"https:\/\/www.ppesrl.eu\/-wpress\/azienda\/\"},{\"@type\":\"ListItem\",\"position\":3,\"name\":\"&#8212; Manualistica\"}]},{\"@type\":\"WebSite\",\"@id\":\"https:\/\/www.ppesrl.eu\/-wpress\/#website\",\"url\":\"https:\/\/www.ppesrl.eu\/-wpress\/\",\"name\":\"PPE Srl\",\"description\":\"Plastic Proget European\",\"potentialAction\":[{\"@type\":\"SearchAction\",\"target\":{\"@type\":\"EntryPoint\",\"urlTemplate\":\"https:\/\/www.ppesrl.eu\/-wpress\/?s={search_term_string}\"},\"query-input\":{\"@type\":\"PropertyValueSpecification\",\"valueRequired\":true,\"valueName\":\"search_term_string\"}}],\"inLanguage\":\"it-IT\"}]}<\/script>\n<!-- \/ Yoast SEO plugin. -->","yoast_head_json":{"title":"- Manualistica - PPE Srl","robots":{"index":"index","follow":"follow","max-snippet":"max-snippet:-1","max-image-preview":"max-image-preview:large","max-video-preview":"max-video-preview:-1"},"canonical":"https:\/\/www.ppesrl.eu\/-wpress\/azienda\/manualistica\/","og_locale":"it_IT","og_type":"article","og_title":"- Manualistica - PPE Srl","og_description":"[vc_row type=&#8221;full_width&#8221;][vc_column][rev_slider_vc alias=&#8221;about-us&#8221;][\/vc_column][\/vc_row][vc_row css=&#8221;.vc_custom_1655975314008{margin-top: 20px !important;}&#8221;][vc_column width=&#8221;3\/4&#8243;][vc_custom_heading text=&#8221;Manualistica&#8221; font_container=&#8221;tag:h2|font_size:20|text_align:left|color:%23111111&#8243; el_class=&#8221;heading-title-3&#8243;][vc_column_text] MOVIMENTAZIONE E POSA DEI SISTEMI A CATALOGO Basarsi su regole applicate in modo pratico, con l\u2019esperienza e il rispetto del progetto \u00e8 certamente utile ad ottenere installazioni di qualit\u00e0. Di seguito, con l\u2019aiuto di illustrazioni e commenti, troviamo il \u201ccome si fa\u201d. Si tratta di [&hellip;]","og_url":"https:\/\/www.ppesrl.eu\/-wpress\/azienda\/manualistica\/","og_site_name":"PPE Srl","article_modified_time":"2023-10-10T19:41:32+00:00","twitter_card":"summary_large_image","twitter_misc":{"Tempo di lettura stimato":"4 minuti"},"schema":{"@context":"https:\/\/schema.org","@graph":[{"@type":"WebPage","@id":"https:\/\/www.ppesrl.eu\/-wpress\/azienda\/manualistica\/","url":"https:\/\/www.ppesrl.eu\/-wpress\/azienda\/manualistica\/","name":"- Manualistica - PPE Srl","isPartOf":{"@id":"https:\/\/www.ppesrl.eu\/-wpress\/#website"},"datePublished":"2022-06-23T08:14:44+00:00","dateModified":"2023-10-10T19:41:32+00:00","breadcrumb":{"@id":"https:\/\/www.ppesrl.eu\/-wpress\/azienda\/manualistica\/#breadcrumb"},"inLanguage":"it-IT","potentialAction":[{"@type":"ReadAction","target":["https:\/\/www.ppesrl.eu\/-wpress\/azienda\/manualistica\/"]}]},{"@type":"BreadcrumbList","@id":"https:\/\/www.ppesrl.eu\/-wpress\/azienda\/manualistica\/#breadcrumb","itemListElement":[{"@type":"ListItem","position":1,"name":"Home","item":"https:\/\/www.ppesrl.eu\/-wpress\/"},{"@type":"ListItem","position":2,"name":"&#8212; Azienda","item":"https:\/\/www.ppesrl.eu\/-wpress\/azienda\/"},{"@type":"ListItem","position":3,"name":"&#8212; Manualistica"}]},{"@type":"WebSite","@id":"https:\/\/www.ppesrl.eu\/-wpress\/#website","url":"https:\/\/www.ppesrl.eu\/-wpress\/","name":"PPE Srl","description":"Plastic Proget European","potentialAction":[{"@type":"SearchAction","target":{"@type":"EntryPoint","urlTemplate":"https:\/\/www.ppesrl.eu\/-wpress\/?s={search_term_string}"},"query-input":{"@type":"PropertyValueSpecification","valueRequired":true,"valueName":"search_term_string"}}],"inLanguage":"it-IT"}]}},"_links":{"self":[{"href":"https:\/\/www.ppesrl.eu\/-wpress\/wp-json\/wp\/v2\/pages\/75585","targetHints":{"allow":["GET"]}}],"collection":[{"href":"https:\/\/www.ppesrl.eu\/-wpress\/wp-json\/wp\/v2\/pages"}],"about":[{"href":"https:\/\/www.ppesrl.eu\/-wpress\/wp-json\/wp\/v2\/types\/page"}],"author":[{"embeddable":true,"href":"https:\/\/www.ppesrl.eu\/-wpress\/wp-json\/wp\/v2\/users\/1"}],"replies":[{"embeddable":true,"href":"https:\/\/www.ppesrl.eu\/-wpress\/wp-json\/wp\/v2\/comments?post=75585"}],"version-history":[{"count":36,"href":"https:\/\/www.ppesrl.eu\/-wpress\/wp-json\/wp\/v2\/pages\/75585\/revisions"}],"predecessor-version":[{"id":81272,"href":"https:\/\/www.ppesrl.eu\/-wpress\/wp-json\/wp\/v2\/pages\/75585\/revisions\/81272"}],"up":[{"embeddable":true,"href":"https:\/\/www.ppesrl.eu\/-wpress\/wp-json\/wp\/v2\/pages\/61"}],"wp:attachment":[{"href":"https:\/\/www.ppesrl.eu\/-wpress\/wp-json\/wp\/v2\/media?parent=75585"}],"curies":[{"name":"wp","href":"https:\/\/api.w.org\/{rel}","templated":true}]}}