{"id":75802,"date":"2022-07-05T10:46:46","date_gmt":"2022-07-05T08:46:46","guid":{"rendered":"https:\/\/www.ppesrl.eu\/-wpress\/?page_id=75802"},"modified":"2023-03-15T12:22:31","modified_gmt":"2023-03-15T11:22:31","slug":"cantieristica","status":"publish","type":"page","link":"https:\/\/www.ppesrl.eu\/-wpress\/cantieristica\/","title":{"rendered":"&#8212; Cantieristica"},"content":{"rendered":"<p>[vc_row type=&#8221;full_width&#8221;][vc_column][rev_slider_vc alias=&#8221;about-us&#8221;][vc_empty_space height=&#8221;80px&#8221;][\/vc_column][\/vc_row][vc_row css=&#8221;.vc_custom_1655911660358{margin-top: 20px !important;margin-bottom: 70px !important;}&#8221;][vc_column][vc_custom_heading text=&#8221;Cantieristica&#8221; font_container=&#8221;tag:h2|font_size:20|text_align:left|color:%23111111&#8243; el_class=&#8221;heading-title-3&#8243;][vc_column_text]Il cantiere edile, per restituire le soddisfazioni attese e soprattutto per garantire la sicurezza, deve essere ben organizzato. Un cantiere ben gestito ed organizzato si serve di sistemi e dispositivi che possano, economicamente, velocemente e senza appesantire le normali operazioni, assicurare il rispetto di tutte le norme antinfortunistiche e le prescrizioni in materia di tutela del lavoro e dei lavoratori. Tutto ci\u00f2 che vien fatto in un cantiere edile si specchier\u00e0 con l\u2019opera che in futuro andremo ad abitare, frequentare o usare. Sicurezza e qualit\u00e0 originano si dal progetto ma passano per l\u2019esecuzione che, sempre pi\u00f9, deve coinvolgere e responsabilizzare tutte le figure che partecipano. Questo capitolo riguarda appunto un insieme di dispositivi che sono ormai diventati di uso comune e che oltre a garantire economia e sicurezza agevolano, nella maggior parte dei casi, l\u2019operativit\u00e0 proponendosi come soluzioni standardizzate e di semplice applicazione. Tutto \u00e8 realizzato in polietilene rotostampato, robusto e riutilizzabile oltre che riciclabile. Barriere stradali, come collettori di scarico delle macerie o altri dispositivi, rendono l\u2019attivit\u00e0 del cantiere edile al passo con i tempi lasciando agli operatori tutto il tempo e le risorse quindi destinate a restituire alla collettivit\u00e0 o alle propriet\u00e0 la massima soddisfazione. Chiaramente tutti i dispositivi impiegati in cantiere hanno, prima di tutto, lo scopo di proteggere ed evitare incidenti ma anche di migliorare la qualit\u00e0 della vita degli addetti edili. Evitare incidenti e agevolare \u00e8 sicuramente il modo migliore per ottenere il miglior prodotto.[\/vc_column_text][vc_row_inner][vc_column_inner width=&#8221;1\/2&#8243;][vc_btn title=&#8221;Scarica\/leggi&#8221; style=&#8221;outline&#8221; color=&#8221;success&#8221; size=&#8221;sm&#8221; align=&#8221;left&#8221; i_align=&#8221;right&#8221; i_icon_fontawesome=&#8221;fas fa-angle-double-right&#8221; button_block=&#8221;true&#8221; add_icon=&#8221;true&#8221; css=&#8221;.vc_custom_1663573381171{margin-top: 15px !important;margin-bottom: 25px !important;}&#8221; link=&#8221;url:https%3A%2F%2Fwww.ppesrl.eu%2F-wpress%2Fwp-content%2Fuploads%2F2022%2F09%2FCantieristica.pdf&#8221;][\/vc_column_inner][vc_column_inner width=&#8221;1\/2&#8243;][vc_btn title=&#8221;Vai ai prodotti&#8221; style=&#8221;outline&#8221; color=&#8221;success&#8221; size=&#8221;sm&#8221; align=&#8221;left&#8221; i_align=&#8221;right&#8221; i_icon_fontawesome=&#8221;fas fa-angle-double-right&#8221; button_block=&#8221;true&#8221; add_icon=&#8221;true&#8221; css=&#8221;.vc_custom_1663573471480{margin-top: 15px !important;margin-bottom: 25px !important;}&#8221; link=&#8221;url:https%3A%2F%2Fwww.ppesrl.eu%2F-wpress%2Fproduct-category%2Fcantieristica%2F&#8221;][\/vc_column_inner][\/vc_row_inner][\/vc_column][\/vc_row][vc_row][vc_column][vc_row_inner equal_height=&#8221;yes&#8221;][vc_column_inner width=&#8221;1\/2&#8243;][vc_custom_heading text=&#8221;Serbatoi Trasportabili&#8221; font_container=&#8221;tag:h2|font_size:20|text_align:left|color:%23111111&#8243; el_class=&#8221;heading-title-3&#8243;][vc_single_image image=&#8221;80306&#8243; img_size=&#8221;full&#8221; alignment=&#8221;center&#8221; el_class=&#8221;stile_foto&#8221;][vc_btn title=&#8221;Vai ai prodotti&#8221; style=&#8221;outline&#8221; color=&#8221;success&#8221; size=&#8221;sm&#8221; align=&#8221;left&#8221; i_align=&#8221;right&#8221; i_icon_fontawesome=&#8221;fas fa-angle-double-right&#8221; button_block=&#8221;true&#8221; add_icon=&#8221;true&#8221; css=&#8221;.vc_custom_1663573506871{margin-top: 15px !important;margin-bottom: 25px !important;}&#8221; link=&#8221;url:https%3A%2F%2Fwww.ppesrl.eu%2F-wpress%2Fproduct-category%2Fcantieristica%2Fserbatoi-trasportabili-per-carburante-diesel%2F&#8221;][vc_column_text]Ogni cantiere necessita di macchine operatrici. In alcuni casi l\u2019energia necessaria al movimento delle macchine arriva dalla rete elettrica ma spesso, gli operatori devono assolutamente provvedere autonomamente alla sua generazione utilizzando carburante. Questo succede in cantieri in movimento, per la costruzione di infrastrutture, per cantieri in aperta campagna o in mare e in numerose altre situazioni. Le macchine che usano carburante diesel devono essere rifornite di frequente e quasi mai si trovano talmente vicine a stazioni di rifornimento da poter usufruire del servizio. Le imprese sempre pi\u00f9 si attrezzano per poter rifornire i propri mezzi in qualunque condizione, anche estrema e disagevole.[\/vc_column_text][\/vc_column_inner][vc_column_inner width=&#8221;1\/2&#8243;][vc_custom_heading text=&#8221;ATTREZZATURA PER EDILIZIA&#8221; font_container=&#8221;tag:h2|font_size:20|text_align:left|color:%23111111&#8243; el_class=&#8221;heading-title-3&#8243;][vc_single_image image=&#8221;80307&#8243; img_size=&#8221;full&#8221; alignment=&#8221;center&#8221; el_class=&#8221;stile_foto&#8221;][vc_btn title=&#8221;Vai ai prodotti&#8221; style=&#8221;outline&#8221; color=&#8221;success&#8221; size=&#8221;sm&#8221; align=&#8221;left&#8221; i_align=&#8221;right&#8221; i_icon_fontawesome=&#8221;fas fa-angle-double-right&#8221; button_block=&#8221;true&#8221; add_icon=&#8221;true&#8221; css=&#8221;.vc_custom_1663573531230{margin-top: 15px !important;margin-bottom: 25px !important;}&#8221; link=&#8221;url:https%3A%2F%2Fwww.ppesrl.eu%2F-wpress%2Fproduct-category%2Fcantieristica%2Fattrezzature-per-ledilizia%2F&#8221;][vc_column_text]La sicurezza prima di tutto. Ogni interruzione stradale, scavo, lavoro in genere deve essere segnalato e ben delimitato nel rispetto delle regole vigenti in materia di tutela dei lavoratori e non solo. E\u2019 una questione di rispetto dell\u2019utenza e di buon senso.\u00a0Mantenere in ordine e in sicurezza ogni cantiere e ogni postazione all\u2019interno di questo \u00e8 fondamentale per ottenere opere di qualit\u00e0. A volte occorre usare manufatti leggeri per segnalare deviazioni di traffico o simulare una nuova viabilit\u00e0. Esistono manufatti concepiti proprio per questo; manufatti leggeri che possono velocemente essere spostati per adeguare perimetro di cantieri o postazioni di lavoro; manufatti robusti e durevoli e perch\u00e9 no anche di aspetto gradevole visto che spesso devono essere impiegati in contesti urbani e ambienti che devono restare ordinati anche durante certi lavori d\u2019impresa.[\/vc_column_text][\/vc_column_inner][\/vc_row_inner][\/vc_column][\/vc_row][vc_row][vc_column][vc_column_text]<div data-post-id=\"75628\" class=\"insert-page insert-page-75628 \"><p>[vc_row][vc_column][vc_empty_space height=&#8221;70px&#8221;][vc_text_separator title=&#8221;PRODOTTI&#8221; border_width=&#8221;4&#8243;][vc_empty_space][\/vc_column][\/vc_row][vc_row][vc_column][vc_column_text]<div data-post-id=\"75664\" class=\"insert-page insert-page-75664 \"><style type=\"text\/css\" data-type=\"vc_shortcodes-custom-css\">.vc_custom_1678868557656{margin-top: 15px !important;margin-bottom: 25px !important;}.vc_custom_1663144766602{margin-top: 15px !important;margin-bottom: 25px !important;}.vc_custom_1657011583898{margin-top: 15px !important;margin-bottom: 25px !important;}.vc_custom_1663578621226{margin-top: 15px !important;margin-bottom: 25px !important;}.vc_custom_1662972864522{margin-top: 15px !important;margin-bottom: 25px !important;}.vc_custom_1688110463390{margin-top: 15px !important;margin-bottom: 25px !important;}.vc_custom_1688110524126{margin-top: 15px !important;margin-bottom: 25px !important;}.vc_custom_1688112039986{margin-top: 15px !important;margin-bottom: 25px !important;}<\/style><p>[vc_row][vc_column width=&#8221;1\/4&#8243;][vc_column_text]<\/p>\n<h4>TRATTAMENTO ACQUE REFLUE<\/h4>\n<p>All\u2019interno del catalogo vengono illustrate soluzioni tecnologiche per il trattamento delle acque reflue provenienti da insediamenti civili o produttivi, per lo stoccaggio e l\u2019impiego dell\u2019acqua e delle acque meteoriche. Solo come indicazione generica si prendono in considerazione tematiche riguardanti piccole comunit\u00e0 ossia territori e insediamenti in agglomerati urbani che normalmente non superano i 5000 abitanti.[\/vc_column_text][vc_btn title=&#8221;VAI ALLA SEZIONE&#8221; style=&#8221;outline&#8221; color=&#8221;success&#8221; size=&#8221;sm&#8221; align=&#8221;left&#8221; i_align=&#8221;right&#8221; i_icon_fontawesome=&#8221;fas fa-angle-double-right&#8221; button_block=&#8221;true&#8221; add_icon=&#8221;true&#8221; css=&#8221;.vc_custom_1678868557656{margin-top: 15px !important;margin-bottom: 25px !important;}&#8221; link=&#8221;url:https%3A%2F%2Fwww.ppesrl.eu%2F-wpress%2Ftrattamento-acque%2F|title:%E2%80%94%20Trattamento%20acque&#8221;][\/vc_column][vc_column width=&#8221;1\/4&#8243;][vc_column_text]<\/p>\n<h4>SICUREZZA<\/h4>\n<p>La gamma comprende bacini di sicurezza e contenitori per materiali pericolosi, alcuni realizzati in polietilene lineare con la tecnica del roto-stampaggio, altri in acciaio e alcuni prodotti che uniscono le due tecnologie, studiati appositamente per la tutela dell\u2019ambiente e la salvaguardia del terreno da sostanze inquinanti e pericolose prodotte quotidianamente.[\/vc_column_text][vc_btn title=&#8221;VAI ALLA SEZIONE&#8221; style=&#8221;outline&#8221; color=&#8221;success&#8221; size=&#8221;sm&#8221; align=&#8221;left&#8221; i_align=&#8221;right&#8221; i_icon_fontawesome=&#8221;fas fa-angle-double-right&#8221; button_block=&#8221;true&#8221; add_icon=&#8221;true&#8221; css=&#8221;.vc_custom_1663144766602{margin-top: 15px !important;margin-bottom: 25px !important;}&#8221; link=&#8221;url:https%3A%2F%2Fwww.ppesrl.eu%2F-wpress%2Fsicurezza%2F|title:%E2%80%94%20Sicurezza&#8221;][\/vc_column][vc_column width=&#8221;1\/4&#8243;][vc_column_text]<\/p>\n<h4>CANTIERISTICA<\/h4>\n<p>Il cantiere edile, per restituire le soddisfazioni attese e soprattutto per garantire la sicurezza, deve essere ben organizzato. Un cantiere ben gestito ed organizzato si serve di sistemi e dispositivi chepossano, economicamente, velocemente e senza appesantire le normali operazioni.[\/vc_column_text][vc_btn title=&#8221;VAI ALLA SEZIONE&#8221; style=&#8221;outline&#8221; color=&#8221;success&#8221; size=&#8221;sm&#8221; align=&#8221;left&#8221; i_align=&#8221;right&#8221; i_icon_fontawesome=&#8221;fas fa-angle-double-right&#8221; button_block=&#8221;true&#8221; add_icon=&#8221;true&#8221; css=&#8221;.vc_custom_1657011583898{margin-top: 15px !important;margin-bottom: 25px !important;}&#8221; link=&#8221;url:https%3A%2F%2Fwww.ppesrl.eu%2F-wpress%2Fcantieristica%2F&#8221;][\/vc_column][vc_column width=&#8221;1\/4&#8243;][vc_column_text]<\/p>\n<h4>INDUSTRIA<\/h4>\n<p>Contenitori adatti allo stoccaggio di prodotti acidi e alcalini, impiegati nel settore industria di varie forme e dimensioni, costruiti in polietilene lineare con sistema rotazionale.[\/vc_column_text][vc_btn title=&#8221;VAI ALLA SEZIONE&#8221; style=&#8221;outline&#8221; color=&#8221;success&#8221; size=&#8221;sm&#8221; align=&#8221;left&#8221; i_align=&#8221;right&#8221; i_icon_fontawesome=&#8221;fas fa-angle-double-right&#8221; button_block=&#8221;true&#8221; add_icon=&#8221;true&#8221; css=&#8221;.vc_custom_1663578621226{margin-top: 15px !important;margin-bottom: 25px !important;}&#8221; link=&#8221;url:https%3A%2F%2Fwww.ppesrl.eu%2F-wpress%2Findustria%2F|title:%E2%80%94%20Industria&#8221;][\/vc_column][\/vc_row][vc_row][vc_column width=&#8221;1\/4&#8243;][vc_column_text]<\/p>\n<h4>IMPIEGO ACQUE METEORICHE<\/h4>\n<p>Si parla spesso di tutela delle acque o di sprechi, oppure di recupero delle risorse e dell\u2019impiego di fonti rinnovabili. Uno dei modi che abbiamo, il pi\u00f9 semplice e forse quello alla portata di molti se non di tutti, per tutelare l\u2019ambiente e ridurre gli sprechi consiste nel trattare bene l\u2019acqua; daremmo un notevole contributo.[\/vc_column_text][vc_btn title=&#8221;VAI ALLA SEZIONE&#8221; style=&#8221;outline&#8221; color=&#8221;success&#8221; size=&#8221;sm&#8221; align=&#8221;left&#8221; i_align=&#8221;right&#8221; i_icon_fontawesome=&#8221;fas fa-angle-double-right&#8221; button_block=&#8221;true&#8221; add_icon=&#8221;true&#8221; css=&#8221;.vc_custom_1662972864522{margin-top: 15px !important;margin-bottom: 25px !important;}&#8221; link=&#8221;url:https%3A%2F%2Fwww.ppesrl.eu%2F-wpress%2Fimpiego-acque-meteoriche%2F|title:%E2%80%94%20Recupero%20acque%20piovane&#8221;][\/vc_column][vc_column width=&#8221;1\/4&#8243;][vc_column_text]<\/p>\n<h4>ACQUA POTABILE<\/h4>\n<p>Il particolare e specifico design dei contenitori compatti autoportanti proposti ne consente la collocazione su diverse superfici piane basi di appoggio piane senza particolari accortezze, anzi esiste un manufatto giusto per ciascuna esigenza standardizzata o speciale.[\/vc_column_text][vc_btn title=&#8221;VAI ALLA SEZIONE&#8221; style=&#8221;outline&#8221; color=&#8221;success&#8221; size=&#8221;sm&#8221; align=&#8221;left&#8221; i_align=&#8221;right&#8221; i_icon_fontawesome=&#8221;fas fa-angle-double-right&#8221; button_block=&#8221;true&#8221; add_icon=&#8221;true&#8221; css=&#8221;.vc_custom_1688110463390{margin-top: 15px !important;margin-bottom: 25px !important;}&#8221; link=&#8221;url:https%3A%2F%2Fwww.ppesrl.eu%2F-wpress%2Fserbatoi-acqua-potabile-2%2F|title:%E2%80%94%20Serbatoi&#8221;][\/vc_column][vc_column width=&#8221;1\/4&#8243;][vc_column_text]<\/p>\n<h4>INTERRO<\/h4>\n<p>Si tratta di contenitori cilindrici verticali interrabili, definibili esclusi-vamente per utilizzi da interro, provvisti di nervature verticali e incrociate\/inclinate o orizzontali, realizzate per aumentare la resistenza alle sollecita-zioni generate dal terreno di rinfianco circostante.[\/vc_column_text][vc_btn title=&#8221;VAI ALLA SEZIONE&#8221; style=&#8221;outline&#8221; color=&#8221;success&#8221; size=&#8221;sm&#8221; align=&#8221;left&#8221; i_align=&#8221;right&#8221; i_icon_fontawesome=&#8221;fas fa-angle-double-right&#8221; button_block=&#8221;true&#8221; add_icon=&#8221;true&#8221; css=&#8221;.vc_custom_1688110524126{margin-top: 15px !important;margin-bottom: 25px !important;}&#8221; link=&#8221;url:https%3A%2F%2Fwww.ppesrl.eu%2F-wpress%2Fserbatoi-interro%2F|title:%E2%80%94%20Serbatoi&#8221;][\/vc_column][vc_column width=&#8221;1\/4&#8243;][vc_column_text]<\/p>\n<h4>VARIE<\/h4>\n<p>ENOLOGIA\/AGRICULTURA<br \/>\nGamma di prodotti concepiti per essere impiegati come attrezzature in ausilio al settore agricolo, zootecnico ed enologico con un occhio di riguardo alla sostenibilit\u00e0.<\/p>\n<p>ARREDO ESTERNO<br \/>\nPoltrone, tavoli e lettini per uso esterno creati in polietilene con metodo rotazionale, di lunga durata e resistenti agli agenti atmosferici.[\/vc_column_text][vc_btn title=&#8221;VAI ALLA SEZIONE&#8221; style=&#8221;outline&#8221; color=&#8221;success&#8221; size=&#8221;sm&#8221; align=&#8221;left&#8221; i_align=&#8221;right&#8221; i_icon_fontawesome=&#8221;fas fa-angle-double-right&#8221; button_block=&#8221;true&#8221; add_icon=&#8221;true&#8221; css=&#8221;.vc_custom_1688112039986{margin-top: 15px !important;margin-bottom: 25px !important;}&#8221; link=&#8221;url:https%3A%2F%2Fwww.ppesrl.eu%2F-wpress%2Fvarie%2F|title:%E2%80%94%20Serbatoi&#8221;][\/vc_column][\/vc_row]<\/p>\n<\/div>[\/vc_column_text][\/vc_column][\/vc_row][vc_row][vc_column][vc_column_text]<div data-post-id=\"75642\" class=\"insert-page insert-page-75642 \"><style type=\"text\/css\" data-type=\"vc_shortcodes-custom-css\">.vc_custom_1663142598385{border-radius: 20px !important;}<\/style><p>[vc_row css=&#8221;.vc_custom_1663142598385{border-radius: 20px !important;}&#8221;][vc_column][vc_btn title=&#8221;CATALOGO TRATTAMENTO ACQUE (completo) \u2013 Download (227 Mb)&#8221; style=&#8221;outline&#8221; color=&#8221;success&#8221; size=&#8221;sm&#8221; align=&#8221;left&#8221; i_align=&#8221;right&#8221; i_icon_fontawesome=&#8221;fas fa-angle-double-right&#8221; button_block=&#8221;true&#8221; add_icon=&#8221;true&#8221; link=&#8221;url:https%3A%2F%2Fwww.ppesrl.eu%2F-wpress%2Fwp-content%2Fuploads%2F2023%2F04%2Fcatalogo-PPE_2023-04-24.pdf&#8221;][\/vc_column][\/vc_row]<\/p>\n<\/div>[\/vc_column_text][vc_empty_space height=&#8221;100&#8243;][\/vc_column][\/vc_row]<\/p>\n<\/div>[\/vc_column_text][vc_empty_space height=&#8221;70&#8243;][\/vc_column][\/vc_row]<\/p>\n","protected":false},"excerpt":{"rendered":"<p>[vc_row type=&#8221;full_width&#8221;][vc_column][rev_slider_vc alias=&#8221;about-us&#8221;][vc_empty_space height=&#8221;80px&#8221;][\/vc_column][\/vc_row][vc_row css=&#8221;.vc_custom_1655911660358{margin-top: 20px !important;margin-bottom: 70px !important;}&#8221;][vc_column][vc_custom_heading text=&#8221;Cantieristica&#8221; font_container=&#8221;tag:h2|font_size:20|text_align:left|color:%23111111&#8243; el_class=&#8221;heading-title-3&#8243;][vc_column_text]Il cantiere edile, per restituire le soddisfazioni attese e soprattutto per garantire la sicurezza, deve essere ben organizzato. Un cantiere ben gestito ed organizzato si serve di sistemi e dispositivi che possano, economicamente, velocemente e senza appesantire le normali operazioni, assicurare il rispetto di [&hellip;]<\/p>\n","protected":false},"author":1,"featured_media":0,"parent":0,"menu_order":0,"comment_status":"closed","ping_status":"closed","template":"","meta":{"footnotes":""},"class_list":["post-75802","page","type-page","status-publish","hentry"],"yoast_head":"<!-- This site is optimized with the Yoast SEO plugin v24.5 - https:\/\/yoast.com\/wordpress\/plugins\/seo\/ -->\n<title>- Cantieristica - PPE Srl<\/title>\n<meta name=\"robots\" content=\"index, follow, max-snippet:-1, max-image-preview:large, max-video-preview:-1\" \/>\n<link rel=\"canonical\" href=\"https:\/\/www.ppesrl.eu\/-wpress\/cantieristica\/\" \/>\n<meta property=\"og:locale\" content=\"it_IT\" \/>\n<meta property=\"og:type\" content=\"article\" \/>\n<meta property=\"og:title\" content=\"- Cantieristica - PPE Srl\" \/>\n<meta property=\"og:description\" content=\"[vc_row type=&#8221;full_width&#8221;][vc_column][rev_slider_vc alias=&#8221;about-us&#8221;][vc_empty_space height=&#8221;80px&#8221;][\/vc_column][\/vc_row][vc_row css=&#8221;.vc_custom_1655911660358{margin-top: 20px !important;margin-bottom: 70px !important;}&#8221;][vc_column][vc_custom_heading text=&#8221;Cantieristica&#8221; font_container=&#8221;tag:h2|font_size:20|text_align:left|color:%23111111&#8243; el_class=&#8221;heading-title-3&#8243;][vc_column_text]Il cantiere edile, per restituire le soddisfazioni attese e soprattutto per garantire la sicurezza, deve essere ben organizzato. Un cantiere ben gestito ed organizzato si serve di sistemi e dispositivi che possano, economicamente, velocemente e senza appesantire le normali operazioni, assicurare il rispetto di [&hellip;]\" \/>\n<meta property=\"og:url\" content=\"https:\/\/www.ppesrl.eu\/-wpress\/cantieristica\/\" \/>\n<meta property=\"og:site_name\" content=\"PPE Srl\" \/>\n<meta property=\"article:modified_time\" content=\"2023-03-15T11:22:31+00:00\" \/>\n<meta name=\"twitter:card\" content=\"summary_large_image\" \/>\n<meta name=\"twitter:label1\" content=\"Tempo di lettura stimato\" \/>\n\t<meta name=\"twitter:data1\" content=\"4 minuti\" \/>\n<script type=\"application\/ld+json\" class=\"yoast-schema-graph\">{\"@context\":\"https:\/\/schema.org\",\"@graph\":[{\"@type\":\"WebPage\",\"@id\":\"https:\/\/www.ppesrl.eu\/-wpress\/cantieristica\/\",\"url\":\"https:\/\/www.ppesrl.eu\/-wpress\/cantieristica\/\",\"name\":\"- Cantieristica - PPE Srl\",\"isPartOf\":{\"@id\":\"https:\/\/www.ppesrl.eu\/-wpress\/#website\"},\"datePublished\":\"2022-07-05T08:46:46+00:00\",\"dateModified\":\"2023-03-15T11:22:31+00:00\",\"breadcrumb\":{\"@id\":\"https:\/\/www.ppesrl.eu\/-wpress\/cantieristica\/#breadcrumb\"},\"inLanguage\":\"it-IT\",\"potentialAction\":[{\"@type\":\"ReadAction\",\"target\":[\"https:\/\/www.ppesrl.eu\/-wpress\/cantieristica\/\"]}]},{\"@type\":\"BreadcrumbList\",\"@id\":\"https:\/\/www.ppesrl.eu\/-wpress\/cantieristica\/#breadcrumb\",\"itemListElement\":[{\"@type\":\"ListItem\",\"position\":1,\"name\":\"Home\",\"item\":\"https:\/\/www.ppesrl.eu\/-wpress\/\"},{\"@type\":\"ListItem\",\"position\":2,\"name\":\"&#8212; Cantieristica\"}]},{\"@type\":\"WebSite\",\"@id\":\"https:\/\/www.ppesrl.eu\/-wpress\/#website\",\"url\":\"https:\/\/www.ppesrl.eu\/-wpress\/\",\"name\":\"PPE Srl\",\"description\":\"Plastic Proget European\",\"potentialAction\":[{\"@type\":\"SearchAction\",\"target\":{\"@type\":\"EntryPoint\",\"urlTemplate\":\"https:\/\/www.ppesrl.eu\/-wpress\/?s={search_term_string}\"},\"query-input\":{\"@type\":\"PropertyValueSpecification\",\"valueRequired\":true,\"valueName\":\"search_term_string\"}}],\"inLanguage\":\"it-IT\"}]}<\/script>\n<!-- \/ Yoast SEO plugin. -->","yoast_head_json":{"title":"- Cantieristica - PPE Srl","robots":{"index":"index","follow":"follow","max-snippet":"max-snippet:-1","max-image-preview":"max-image-preview:large","max-video-preview":"max-video-preview:-1"},"canonical":"https:\/\/www.ppesrl.eu\/-wpress\/cantieristica\/","og_locale":"it_IT","og_type":"article","og_title":"- Cantieristica - PPE Srl","og_description":"[vc_row type=&#8221;full_width&#8221;][vc_column][rev_slider_vc alias=&#8221;about-us&#8221;][vc_empty_space height=&#8221;80px&#8221;][\/vc_column][\/vc_row][vc_row css=&#8221;.vc_custom_1655911660358{margin-top: 20px !important;margin-bottom: 70px !important;}&#8221;][vc_column][vc_custom_heading text=&#8221;Cantieristica&#8221; font_container=&#8221;tag:h2|font_size:20|text_align:left|color:%23111111&#8243; el_class=&#8221;heading-title-3&#8243;][vc_column_text]Il cantiere edile, per restituire le soddisfazioni attese e soprattutto per garantire la sicurezza, deve essere ben organizzato. Un cantiere ben gestito ed organizzato si serve di sistemi e dispositivi che possano, economicamente, velocemente e senza appesantire le normali operazioni, assicurare il rispetto di [&hellip;]","og_url":"https:\/\/www.ppesrl.eu\/-wpress\/cantieristica\/","og_site_name":"PPE Srl","article_modified_time":"2023-03-15T11:22:31+00:00","twitter_card":"summary_large_image","twitter_misc":{"Tempo di lettura stimato":"4 minuti"},"schema":{"@context":"https:\/\/schema.org","@graph":[{"@type":"WebPage","@id":"https:\/\/www.ppesrl.eu\/-wpress\/cantieristica\/","url":"https:\/\/www.ppesrl.eu\/-wpress\/cantieristica\/","name":"- Cantieristica - PPE Srl","isPartOf":{"@id":"https:\/\/www.ppesrl.eu\/-wpress\/#website"},"datePublished":"2022-07-05T08:46:46+00:00","dateModified":"2023-03-15T11:22:31+00:00","breadcrumb":{"@id":"https:\/\/www.ppesrl.eu\/-wpress\/cantieristica\/#breadcrumb"},"inLanguage":"it-IT","potentialAction":[{"@type":"ReadAction","target":["https:\/\/www.ppesrl.eu\/-wpress\/cantieristica\/"]}]},{"@type":"BreadcrumbList","@id":"https:\/\/www.ppesrl.eu\/-wpress\/cantieristica\/#breadcrumb","itemListElement":[{"@type":"ListItem","position":1,"name":"Home","item":"https:\/\/www.ppesrl.eu\/-wpress\/"},{"@type":"ListItem","position":2,"name":"&#8212; Cantieristica"}]},{"@type":"WebSite","@id":"https:\/\/www.ppesrl.eu\/-wpress\/#website","url":"https:\/\/www.ppesrl.eu\/-wpress\/","name":"PPE Srl","description":"Plastic Proget European","potentialAction":[{"@type":"SearchAction","target":{"@type":"EntryPoint","urlTemplate":"https:\/\/www.ppesrl.eu\/-wpress\/?s={search_term_string}"},"query-input":{"@type":"PropertyValueSpecification","valueRequired":true,"valueName":"search_term_string"}}],"inLanguage":"it-IT"}]}},"_links":{"self":[{"href":"https:\/\/www.ppesrl.eu\/-wpress\/wp-json\/wp\/v2\/pages\/75802","targetHints":{"allow":["GET"]}}],"collection":[{"href":"https:\/\/www.ppesrl.eu\/-wpress\/wp-json\/wp\/v2\/pages"}],"about":[{"href":"https:\/\/www.ppesrl.eu\/-wpress\/wp-json\/wp\/v2\/types\/page"}],"author":[{"embeddable":true,"href":"https:\/\/www.ppesrl.eu\/-wpress\/wp-json\/wp\/v2\/users\/1"}],"replies":[{"embeddable":true,"href":"https:\/\/www.ppesrl.eu\/-wpress\/wp-json\/wp\/v2\/comments?post=75802"}],"version-history":[{"count":19,"href":"https:\/\/www.ppesrl.eu\/-wpress\/wp-json\/wp\/v2\/pages\/75802\/revisions"}],"predecessor-version":[{"id":80308,"href":"https:\/\/www.ppesrl.eu\/-wpress\/wp-json\/wp\/v2\/pages\/75802\/revisions\/80308"}],"wp:attachment":[{"href":"https:\/\/www.ppesrl.eu\/-wpress\/wp-json\/wp\/v2\/media?parent=75802"}],"curies":[{"name":"wp","href":"https:\/\/api.w.org\/{rel}","templated":true}]}}