{"id":81234,"date":"2023-10-03T09:32:55","date_gmt":"2023-10-03T07:32:55","guid":{"rendered":"https:\/\/www.ppesrl.eu\/-wpress\/?page_id=81234"},"modified":"2023-10-03T09:32:55","modified_gmt":"2023-10-03T07:32:55","slug":"cookie-policy","status":"publish","type":"page","link":"https:\/\/www.ppesrl.eu\/-wpress\/cookie-policy\/","title":{"rendered":"Cookie Policy"},"content":{"rendered":"<p>[vc_row][vc_column][vc_column_text]<strong>INFORMATIVA COMPLETA RESA AGLI INTERESSATI RELATIVA ALL\u2019IMPIEGO DEI COOKIE DA PARTE DEL SITO INTERNET www.ppe.it<\/strong><\/p>\n<ol>\n<li><strong><u>Premessa:<\/u><\/strong><\/li>\n<\/ol>\n<p>La presente informativa si riferisce all\u2019utilizzo dei cookie come di seguito dettagliato da parte del sito web www.ppe.it<\/p>\n<p>L\u2019utilizzo dei cookie si inquadra nella Privacy Policy predisposta dal Titolare e alla quale si rimanda.<\/p>\n<p>La presente Policy \u00e8 stata aggiornata in base alle Linee guida cookie e altri strumenti di tracciamento &#8211; 10 giugno 2021 (Pubblicato sulla Gazzetta Ufficiale n. 163 del 9 luglio 2021) emanate dall\u2019Autorit\u00e0 Garante per la Protezione dei Dati Personali.<\/p>\n<p><strong><u>\u00a0<\/u><\/strong><\/p>\n<ol start=\"2\">\n<li><strong><u>Dati di contatto del Titolare del trattamento<\/u><\/strong><\/li>\n<\/ol>\n<p>PPE srl con sede legale in via Montichiari, 2 a Milano (MI) ed operativa in via delle Industrie, 9 Livraga (LO) 0377\u2013987243. Eventuali richieste di informazioni e\/o chiarimenti possono essere richieste al Titolare utilizzando i recapiti telefonici sopra indicati oppure inviando una mail a seguente indirizzo amministrazione@ppe.it<\/p>\n<ol start=\"3\">\n<li><strong><u>Cosa sono i cookie?<\/u><\/strong><\/li>\n<\/ol>\n<p>Sono stringhe di testo che i siti web (cd. Publisher, o \u201cprime parti\u201d) visitati dall\u2019utente ovvero siti o web server diversi (cd. \u201cterze parti\u201d) posizionano ed archiviano \u2013 direttamente, nel caso dei publisher e indirettamente, cio\u00e8 per il tramite di questi ultimi, nel caso delle \u201cterze parti\u201d &#8211; all\u2019interno di un dispositivo terminale nella disponibilit\u00e0 dell\u2019utente medesimo.<\/p>\n<p>I terminali cui ci si riferisce sono, ad esempio, un computer, un tablet, uno smartphone, ovvero ogni altro dispositivo in grado di archiviare informazioni.<\/p>\n<p>I software per la navigazione in Internet e il funzionamento di questi dispositivi, ad esempio i browser, possono memorizzare i cookie e poi trasmetterli nuovamente ai siti che li hanno generati in occasione di una successiva visita del medesimo utente, mantenendo cos\u00ec memoria della sua precedente interazione con uno o pi\u00f9 siti web.<\/p>\n<p>Le informazioni codificate nei cookie possono includere dati personali, come un indirizzo IP, un nome utente, un identificativo univoco o un indirizzo e-mail, ma possono anche contenere dati non personali, come le impostazioni della lingua o informazioni sul tipo di dispositivo che una persona sta utilizzando per navigare nel sito.<\/p>\n<p>I cookie possono dunque svolgere importanti e diverse funzioni, tra cui il monitoraggio di sessioni, la memorizzazione di informazioni su specifiche configurazioni riguardanti gli utenti che accedono al server, l\u2019agevolazione nella fruizione dei contenuti online etc. Possono ad esempio essere impiegati per tenere traccia degli articoli in un carrello degli acquisti online o delle informazioni utilizzate per la compilazione di un modulo informatico.<\/p>\n<p>Il medesimo risultato pu\u00f2 essere conseguito anche mediante l\u2019utilizzo di altri strumenti (la totalit\u00e0 dei quali pu\u00f2 essere distinta tra i c.d. \u201cidentificatori attivi\u201d, come appunto i cookie, e \u201cpassivi\u201d, questi ultimi presupponendo la mera osservazione), che consentono di effettuare trattamenti analoghi a quelli sopra indicati.<\/p>\n<p>Tra gli strumenti \u201cpassivi\u201d \u00e8 ricompreso il fingerprinting, ossia quella tecnica che permette di identificare il dispositivo utilizzato dall\u2019utente tramite la raccolta di tutte o alcune delle informazioni relative alla specifica configurazione del dispositivo stesso adottata dall\u2019interessato. Tale tecnica pu\u00f2 essere utilizzata per il conseguimento delle medesime finalit\u00e0 di profilazione tesa anche alla visualizzazione di pubblicit\u00e0 comportamentale personalizzata ed all\u2019analisi e monitoraggio dei comportamenti dei visitatori di siti web, ovvero per conformare tipologia e modalit\u00e0 dei servizi resi ai comportamenti dell\u2019utente oggetto di precedente osservazione.<\/p>\n<p>&nbsp;<\/p>\n<ul>\n<li><strong><u>Classificazione dei cookie:<\/u><\/strong><\/li>\n<\/ul>\n<p>I cookie e gli altri strumenti di tracciamento possono avere classificati in base alla durata (possono cos\u00ec essere distinti in cookie di sessione o permanenti), oppure possono essere classificati in cookie di prima parte installati direttamente dal sito web che l&#8217;utente sta visitando, e in cookie di terze parte, installati da un dominio differente da quello che l&#8217;utente sta visitando.<\/p>\n<p><strong><u>Si riporta qui di seguito la classificazione dei cookie in base alla loro funzione.<\/u><\/strong><\/p>\n<table>\n<tbody>\n<tr>\n<td width=\"123\"><strong>Cookie Tecnici<\/strong><\/td>\n<td width=\"519\">Sono utilizzati al solo fine di \u201ceffettuare la trasmissione di una comunicazione su una rete di comunicazione elettronica, o nella misura strettamente necessaria al fornitore di un servizio della societ\u00e0 dell&#8217;informazione esplicitamente richiesto dal contraente o dall&#8217;utente a erogare tale servizio\u201d (cfr. art. 122, comma 1 del Codice Privacy);<\/td>\n<\/tr>\n<tr>\n<td width=\"123\"><strong>Cookie di profilazione<\/strong><\/td>\n<td width=\"519\">Sono utilizzati per ricondurre a soggetti determinati, identificati o identificabili, specifiche azioni o schemi comportamentali ricorrenti nell\u2019uso delle funzionalit\u00e0 offerte (pattern) al fine del raggruppamento dei diversi profili all\u2019interno di cluster omogenei di diversa ampiezza, in modo che sia possibile al titolare, tra l\u2019altro, anche modulare la fornitura del servizio in modo sempre pi\u00f9 personalizzato al di l\u00e0 di quanto strettamente necessario all\u2019erogazione del servizio, nonch\u00e9 inviare messaggi pubblicitari mirati, cio\u00e8 in linea con le preferenze manifestate dall\u2019utente nell\u2019ambito della navigazione in rete.<\/td>\n<\/tr>\n<\/tbody>\n<\/table>\n<p><strong>\u00a0<\/strong><\/p>\n<p><strong>\u00a0<\/strong><\/p>\n<p>Di seguito troverai tutte le informazioni sui cookie installati attraverso questo sito, e le indicazioni necessarie su come gestire le tue preferenze riguardo ad essi.<\/p>\n<p>Per maggiori informazioni sui cookie e sulle loro funzioni generali, si rimanda a siti informativi come <a href=\"http:\/\/www.allaboutcookies.org\/\">http:\/\/www.allaboutcookies.org\/<\/a><\/p>\n<p><a href=\"http:\/\/www.aboutcookies.org\/\">www.aboutcookies.org<\/a><\/p>\n<p>&nbsp;<\/p>\n<ol start=\"4\">\n<li><strong><u>Base giuridica e Finalit\u00e0 del trattamento<\/u><\/strong><\/li>\n<\/ol>\n<p>I cookie descritti vengono impiegati allo scopo di consentire il corretto funzionamento del sito web. Nell\u2019ambito delle attivit\u00e0 di navigazione si pu\u00f2 configurare la raccolta di informazioni quali: indirizzo Internet protocol (IP); browser di navigazione impiegato; parametri del dispositivo usato per connettersi al sito; Provider Internet, riferimenti temporali relativi alla visita (da e orario), pagina web di provenienza del visitatore (referral) e di uscita; numero di click. Tali informazioni potranno essere utilizzate esclusivamente per attivit\u00e0 di tipo statistico senza ulteriori interconnessioni con altri dati.<\/p>\n<p>Nel caso in cui l\u2019utente compili volontariamente i form presenti all\u2019interno del sito conferendo cos\u00ec i propri dati questi verranno trattati al fine di adempiere a misure precontrattuali consentendo cos\u00ec al Titolare di ricontattare l\u2019utente. Si precisa che al fondo di ciascun form \u00e8 presente la relativa informativa sul trattamento dei dati personali.<\/p>\n<p>I trattamenti di dati effettuati tramite cookie di tipo tecnico non richiedono consenso; al contrario l\u2019impiego dei cookie di profilazione avverr\u00e0 solo ed esclusivamente in base allo specifico consenso dell\u2019utente da manifestare utilizzando le apposite funzionalit\u00e0 del banner. Il consenso \u00e8 libero e facoltativo e la sua assenza non compromette la corretta navigazione. Il consenso pu\u00f2 essere in qualsiasi momento revocato utilizzando le funzionalit\u00e0 del browser impiegato per la navigazione (si veda anche il punto 5.4)<\/p>\n<p>&nbsp;<\/p>\n<ol start=\"5\">\n<li><strong><u>Cookie utilizzati da questo Sito:<\/u><\/strong><\/li>\n<\/ol>\n<p>Si riportano qui di seguito le categorie di cookie impiegate dal sito web indicato alla Premessa.<\/p>\n<p>Si precisa che i cookie tecnici o equiparabili ai cookie tecnici sono relativi ad attivit\u00e0 strettamente necessarie al funzionamento del sito e all\u2019erogazione del servizio e vengono installati automaticamente a seguito dell\u2019accesso al sito.<\/p>\n<p>&nbsp;<\/p>\n<table>\n<thead>\n<tr>\n<td width=\"131\"><strong>Nome Cookie<\/strong><\/td>\n<td width=\"121\"><strong>Tipologia<\/strong><\/td>\n<td width=\"126\"><strong>Scopo di Utilizzo<\/strong><\/td>\n<td width=\"139\"><strong>Scadenza<\/strong><\/td>\n<td width=\"125\"><strong>\u00a0<\/strong><\/p>\n<p><strong>Link alla Privacy Policy della terza parte<\/strong><\/td>\n<\/tr>\n<\/thead>\n<tbody>\n<tr>\n<td width=\"131\"><\/td>\n<td width=\"121\"><\/td>\n<td width=\"126\"><\/td>\n<td width=\"139\"><\/td>\n<td width=\"125\"><\/td>\n<\/tr>\n<tr>\n<td width=\"131\"><\/td>\n<td width=\"121\"><\/td>\n<td width=\"126\"><\/td>\n<td width=\"139\"><\/td>\n<td width=\"125\"><\/td>\n<\/tr>\n<tr>\n<td width=\"131\"><\/td>\n<td width=\"121\"><\/td>\n<td width=\"126\"><\/td>\n<td width=\"139\"><\/td>\n<td width=\"125\"><\/td>\n<\/tr>\n<tr>\n<td width=\"131\"><\/td>\n<td width=\"121\"><\/td>\n<td width=\"126\"><\/td>\n<td width=\"139\"><\/td>\n<td width=\"125\"><\/td>\n<\/tr>\n<tr>\n<td width=\"131\"><\/td>\n<td width=\"121\"><\/td>\n<td width=\"126\"><\/td>\n<td width=\"139\"><\/td>\n<td width=\"125\"><\/td>\n<\/tr>\n<tr>\n<td width=\"131\"><\/td>\n<td width=\"121\"><\/td>\n<td width=\"126\"><\/td>\n<td width=\"139\"><\/td>\n<td width=\"125\"><\/td>\n<\/tr>\n<tr>\n<td width=\"131\"><\/td>\n<td width=\"121\"><\/td>\n<td width=\"126\"><\/td>\n<td width=\"139\"><\/td>\n<td width=\"125\"><\/td>\n<\/tr>\n<tr>\n<td width=\"131\"><\/td>\n<td width=\"121\"><\/td>\n<td width=\"126\"><\/td>\n<td width=\"139\"><\/td>\n<td width=\"125\"><\/td>\n<\/tr>\n<\/tbody>\n<\/table>\n<p>&nbsp;<\/p>\n<p><strong><em>5.3 Gestione delle preferenze:<\/em><\/strong><\/p>\n<p>In merito alla gestione dei cookie si riportano qui di seguito i passaggi da attuare per accedere e gestire le impostazioni per eliminare i cookie (al netto di quelli necessari alla navigazione) e i link ai browser pi\u00f9 diffusi. Per informazioni relative a browser non indicati in elenco si consiglia di visitare il sito web dello sviluppatore.<\/p>\n<p><u>Google Chrome:<\/u><\/p>\n<p><a href=\"https:\/\/support.google.com\/chrome\/answer\/95647?hl=it&amp;p=cpn_cookies%20https:\/\/support.google.com\/accounts\/answer\/61416?hl=it\">https:\/\/support.google.com\/chrome\/answer\/95647?hl=it&amp;p=cpn_cookies%20https:\/\/support.google.com\/accounts\/answer\/61416?hl=it<\/a><\/p>\n<p>Cliccare l\u2019icona a forma di chiave inglese nell\u2019angolo in alto a destra; Selezionare \u201cImpostazioni\u201d; Selezionare \u201cMostra impostazioni avanzate\u201d; Cambiare le impostazioni della \u201cPrivacy\u201d<\/p>\n<p>______________________________________________________________________________________<\/p>\n<p><u>Microsoft Edge<\/u><\/p>\n<p><a href=\"https:\/\/support.microsoft.com\/it-it\/microsoft-edge\/eliminare-i-cookie-in-microsoft-edge-63947406-40ac-c3b8-57b9-2a946a29ae09\">https:\/\/support.microsoft.com\/it-it\/microsoft-edge\/eliminare-i-cookie-in-microsoft-edge-63947406-40ac-c3b8-57b9-2a946a29ae09<\/a><\/p>\n<p>Cliccare sull\u2019icona con i tre pallini in alto a destra; cliccare su &#8220;Impostazioni&#8221;. Dal men\u00f9 a sinistra selezionare &#8220;Cookie e autorizzazioni sito&#8221; e modificare le impostazioni dei cookies.<\/p>\n<p>______________________________________________________________________________________<\/p>\n<p><u>Mozilla Firefox: <\/u><\/p>\n<p><a href=\"https:\/\/support.mozilla.org\/it\/kb\/Attivare%20e%20disattivare%20i%20cookie\">https:\/\/support.mozilla.org\/it\/kb\/Attivare%20e%20disattivare%20i%20cookie<\/a><\/p>\n<p>Cliccare sull\u2019icona con le tre barrette orizzontali in alto a destra e selezionare \u201cOpzioni\u201d; Selezionare \u201cPrivacy e sicurezza\u201d per modificare le impostazioni dei cookie.<\/p>\n<p>_____________________________________________________________________________________<\/p>\n<p><u>Internet Explorer:<\/u><\/p>\n<p>Cliccare sull\u2019icona con i tre pallini in alto a destra e quindi su &#8220;Impostazioni&#8221;. Dal men\u00f9 a sinistra selezionare &#8220;Cookie e autorizzazioni sito&#8221; e regolare le impostazioni dei cookies.<\/p>\n<p><a href=\"https:\/\/support.microsoft.com\/it-it\/windows\/eliminare-e-gestire-i-cookie-168dab11-0753-043d-7c16-ede5947fc64d#:~:text=Per%20eliminare%20i%20cookie,Web%20e%20quindi%20scegliere%20Elimina\">https:\/\/support.microsoft.com\/it-it\/windows\/eliminare-e-gestire-i-cookie-168dab11-0753-043d-7c16-ede5947fc64d#:~:text=Per%20eliminare%20i%20cookie,Web%20e%20quindi%20scegliere%20Elimina<\/a>.<\/p>\n<p>_________________________________________________________________<\/p>\n<p><u>Opera<\/u><\/p>\n<p><a href=\"https:\/\/help.opera.com\/en\/latest\/web-preferences\/\">https:\/\/help.opera.com\/en\/latest\/web-preferences\/<\/a><\/p>\n<p>Cliccare l\u2019icona con le tre barrette orizzontali in alto a destra e poi cliccare su \u201cAvanzate\u201d. Selezionare \u201cRiservatezza &amp; Sicurezza\u201d e poi \u201cImpostazioni sito\u201d. Dalla sezione \u201cCookie e dati dei siti\u201d regolare le impostazioni dei cookie.<\/p>\n<p>______________________________________________________________________________________<\/p>\n<p><u>Safari<\/u><\/p>\n<p><a href=\"https:\/\/support.apple.com\/en-gb\/safari\">Safari &#8211; Official Apple Support<\/a><\/p>\n<p>Cliccare su \u201cPreferenze\u201d e poi su \u201cPrivacy\u201d e procedere a modificare le impostazioni dei cookie.<\/p>\n<p>Si precisa inoltre che \u00e8 disponibile\u00a0 uno specifico componente aggiuntivo che consente di\u00a0 disattivare il monitoraggio di Google Analytics su tutti i siti Web. Il componente \u00e8 reperibile al presente link:<\/p>\n<p><a href=\"http:\/\/tools.google.com\/dlpage\/gaoptout\">http:\/\/tools.google.com\/dlpage\/gaoptout<\/a>\u00a0.<\/p>\n<p>&nbsp;<\/p>\n<p>Per maggiori informazioni circa la gestione dei cookie, abilitazione e disabilitazione dei cookie di terze parti l\u2019utente pu\u00f2 consultare i seguenti link:<\/p>\n<p><a href=\"http:\/\/www.allaboutcookies.org\">http:\/\/www.allaboutcookies.org<\/a>;<\/p>\n<p><a href=\"http:\/\/www.youronlinechoices.com\">http:\/\/www.youronlinechoices.com<\/a><\/p>\n<p><a href=\"http:\/\/tools.google.com\/dlpage\/gaoptout\">http:\/\/tools.google.com\/dlpage\/gaoptout<\/a>;<\/p>\n<p><a href=\"http:\/\/www.aboutads.info\/choices\">http:\/\/www.aboutads.info\/choices<\/a>;<\/p>\n<p><a href=\"http:\/\/www.networkadvertising.org\/choices\">http:\/\/www.networkadvertising.org\/choices<\/a><\/p>\n<p>&nbsp;<\/p>\n<ol start=\"6\">\n<li><strong>Modalit\u00e0 del trattamento<\/strong><\/li>\n<\/ol>\n<p>Il trattamento viene effettuato con strumenti automatizzati e cartacei.<\/p>\n<ol start=\"7\">\n<li><strong>Comunicazione dei dati a terzi<\/strong><\/li>\n<\/ol>\n<p>I dati possono essere accessibili a soggetti terzi quali autorit\u00e0 ed organi di vigilanza e controllo, Pubbliche Autorit\u00e0 in adempimento a finalit\u00e0 amministrative o istituzionali; fornitori dei servizi di cui il Titolare si avvale per le attivit\u00e0 di gestione del suddetto sito (manutenzione ed aggiornamento del sito, servizi correlati allo stesso). Tali soggetti possono operare in qualit\u00e0 di autonomi Titolari o come Responsabili opportunamente responsabilizzati.<\/p>\n<p>&nbsp;<\/p>\n<ol start=\"8\">\n<li><strong>Ambito di diffusione<\/strong><\/li>\n<\/ol>\n<p>Non viene effettuata diffusione di dati.<\/p>\n<ol start=\"9\">\n<li><strong>Conferimento dei dati<\/strong><\/li>\n<\/ol>\n<p>Il trattamento dei dati personali da parte del Titolare tramite l\u2019installazione di cookie tecnici ed analitici si configura come necessario per consentire all\u2019utente la corretta navigazione all\u2019interno del sito internet stesso. Nel caso in cui vengano impiegati cookie di profilazione il trattamento dei dati trattati tramite tali cookie avverr\u00e0 esclusivamente previo consenso dell\u2019utente stesso.<\/p>\n<p>Per quanto riguarda il conferimento spontaneo dei dati da parte dell\u2019utente che decide di compilare eventuali form presenti all\u2019interno del sito internet il trattamento avviene nel rispetto delle relative informative di cui l\u2019utente prende visione.<\/p>\n<p>Si ricorda che l\u2019utente pu\u00f2 scegliere quali tipologie di cookie autorizzare utilizzando le apposite funzionalit\u00e0 del banner o quelle offerte dal browser utilizzato per la navigazione.<\/p>\n<p>&nbsp;<\/p>\n<ol start=\"10\">\n<li><strong>Termine di conservazione<\/strong><\/li>\n<\/ol>\n<p>I dati saranno conservati per il tempo necessario al perseguimento delle attivit\u00e0 sopra descritte. Le scadenze dei cookie sono riportate al punto 5 e ss.<\/p>\n<p><strong>\u00a0<\/strong><\/p>\n<ol start=\"11\">\n<li><strong>Trasferimento dei dati verso l\u2019estero<\/strong><\/li>\n<li><strong>Diritti dell\u2019Interessato<\/strong><\/li>\n<\/ol>\n<p>L\u2019interessato pu\u00f2 avvalersi dei relativi diritti sotto riportati utilizzando una delle seguenti modalit\u00e0:<\/p>\n<p>&nbsp;<\/p>\n<ul>\n<li>contattando la ns. sede al numero di telefono +39 \u2013 0377 \u2013 987243<\/li>\n<li>utilizzando il n. fax +39 \u2013 0377 \u2013 987273<\/li>\n<li>inviando una mail all\u2019indirizzo ppe@ppe.it<\/li>\n<\/ul>\n<p>I diritti\u00a0 di cui l\u2019interessato pu\u00f2 avvalersi in qualsiasi momento sono i seguenti: diritto di accesso ai propri dati e alle informazioni riguardanti l\u2019interessato; diritto di\u00a0 rettifica dei dati inesatti o l&#8217;integrazione di quelli incompleti; la cancellazione dei dati personali che La riguardano (nei casi previsti dalla normativa) ; diritto alla limitazione del trattamento dei Suoi dati personali (sempre nei casi previsti dalla normativa; diritto alla portabilit\u00e0 dei dati; diritto di opposizione al trattamento dei Suoi dati personali al ricorrere di situazioni particolari che La riguardano.<\/p>\n<p>Inoltre, il Titolare interromper\u00e0 il trattamento nel momento in cui pervenga da parte sua la comunicazione di revoca del consenso precedentemente manifestato ove il consenso rappresenti base giuridica del trattamento.<\/p>\n<p>Qualora contatti il titolare \u00e8 pregato di fornire l&#8217;indirizzo di posta elettronica, il nominativo, l&#8217;indirizzo e\/o i numeri di telefono, al fine di permettere la corretta gestione della richiesta.<\/p>\n<p>&nbsp;<\/p>\n<p>Data di aggiornamento: 19\/09\/2023[\/vc_column_text][\/vc_column][\/vc_row]<\/p>\n","protected":false},"excerpt":{"rendered":"<p>[vc_row][vc_column][vc_column_text]INFORMATIVA COMPLETA RESA AGLI INTERESSATI RELATIVA ALL\u2019IMPIEGO DEI COOKIE DA PARTE DEL SITO INTERNET www.ppe.it Premessa: La presente informativa si riferisce all\u2019utilizzo dei cookie come di seguito dettagliato da parte del sito web www.ppe.it L\u2019utilizzo dei cookie si inquadra nella Privacy Policy predisposta dal Titolare e alla quale si rimanda. La presente Policy \u00e8 stata [&hellip;]<\/p>\n","protected":false},"author":1,"featured_media":0,"parent":0,"menu_order":0,"comment_status":"closed","ping_status":"closed","template":"","meta":{"footnotes":""},"class_list":["post-81234","page","type-page","status-publish","hentry"],"yoast_head":"<!-- This site is optimized with the Yoast SEO plugin v24.5 - https:\/\/yoast.com\/wordpress\/plugins\/seo\/ -->\n<title>Cookie Policy - PPE Srl<\/title>\n<meta name=\"robots\" content=\"index, follow, max-snippet:-1, max-image-preview:large, max-video-preview:-1\" \/>\n<link rel=\"canonical\" href=\"https:\/\/www.ppesrl.eu\/-wpress\/cookie-policy\/\" \/>\n<meta property=\"og:locale\" content=\"it_IT\" \/>\n<meta property=\"og:type\" content=\"article\" \/>\n<meta property=\"og:title\" content=\"Cookie Policy - PPE Srl\" \/>\n<meta property=\"og:description\" content=\"[vc_row][vc_column][vc_column_text]INFORMATIVA COMPLETA RESA AGLI INTERESSATI RELATIVA ALL\u2019IMPIEGO DEI COOKIE DA PARTE DEL SITO INTERNET www.ppe.it Premessa: La presente informativa si riferisce all\u2019utilizzo dei cookie come di seguito dettagliato da parte del sito web www.ppe.it L\u2019utilizzo dei cookie si inquadra nella Privacy Policy predisposta dal Titolare e alla quale si rimanda. La presente Policy \u00e8 stata [&hellip;]\" \/>\n<meta property=\"og:url\" content=\"https:\/\/www.ppesrl.eu\/-wpress\/cookie-policy\/\" \/>\n<meta property=\"og:site_name\" content=\"PPE Srl\" \/>\n<meta name=\"twitter:card\" content=\"summary_large_image\" \/>\n<meta name=\"twitter:label1\" content=\"Tempo di lettura stimato\" \/>\n\t<meta name=\"twitter:data1\" content=\"10 minuti\" \/>\n<script type=\"application\/ld+json\" class=\"yoast-schema-graph\">{\"@context\":\"https:\/\/schema.org\",\"@graph\":[{\"@type\":\"WebPage\",\"@id\":\"https:\/\/www.ppesrl.eu\/-wpress\/cookie-policy\/\",\"url\":\"https:\/\/www.ppesrl.eu\/-wpress\/cookie-policy\/\",\"name\":\"Cookie Policy - PPE Srl\",\"isPartOf\":{\"@id\":\"https:\/\/www.ppesrl.eu\/-wpress\/#website\"},\"datePublished\":\"2023-10-03T07:32:55+00:00\",\"breadcrumb\":{\"@id\":\"https:\/\/www.ppesrl.eu\/-wpress\/cookie-policy\/#breadcrumb\"},\"inLanguage\":\"it-IT\",\"potentialAction\":[{\"@type\":\"ReadAction\",\"target\":[\"https:\/\/www.ppesrl.eu\/-wpress\/cookie-policy\/\"]}]},{\"@type\":\"BreadcrumbList\",\"@id\":\"https:\/\/www.ppesrl.eu\/-wpress\/cookie-policy\/#breadcrumb\",\"itemListElement\":[{\"@type\":\"ListItem\",\"position\":1,\"name\":\"Home\",\"item\":\"https:\/\/www.ppesrl.eu\/-wpress\/\"},{\"@type\":\"ListItem\",\"position\":2,\"name\":\"Cookie Policy\"}]},{\"@type\":\"WebSite\",\"@id\":\"https:\/\/www.ppesrl.eu\/-wpress\/#website\",\"url\":\"https:\/\/www.ppesrl.eu\/-wpress\/\",\"name\":\"PPE Srl\",\"description\":\"Plastic Proget European\",\"potentialAction\":[{\"@type\":\"SearchAction\",\"target\":{\"@type\":\"EntryPoint\",\"urlTemplate\":\"https:\/\/www.ppesrl.eu\/-wpress\/?s={search_term_string}\"},\"query-input\":{\"@type\":\"PropertyValueSpecification\",\"valueRequired\":true,\"valueName\":\"search_term_string\"}}],\"inLanguage\":\"it-IT\"}]}<\/script>\n<!-- \/ Yoast SEO plugin. -->","yoast_head_json":{"title":"Cookie Policy - PPE Srl","robots":{"index":"index","follow":"follow","max-snippet":"max-snippet:-1","max-image-preview":"max-image-preview:large","max-video-preview":"max-video-preview:-1"},"canonical":"https:\/\/www.ppesrl.eu\/-wpress\/cookie-policy\/","og_locale":"it_IT","og_type":"article","og_title":"Cookie Policy - PPE Srl","og_description":"[vc_row][vc_column][vc_column_text]INFORMATIVA COMPLETA RESA AGLI INTERESSATI RELATIVA ALL\u2019IMPIEGO DEI COOKIE DA PARTE DEL SITO INTERNET www.ppe.it Premessa: La presente informativa si riferisce all\u2019utilizzo dei cookie come di seguito dettagliato da parte del sito web www.ppe.it L\u2019utilizzo dei cookie si inquadra nella Privacy Policy predisposta dal Titolare e alla quale si rimanda. La presente Policy \u00e8 stata [&hellip;]","og_url":"https:\/\/www.ppesrl.eu\/-wpress\/cookie-policy\/","og_site_name":"PPE Srl","twitter_card":"summary_large_image","twitter_misc":{"Tempo di lettura stimato":"10 minuti"},"schema":{"@context":"https:\/\/schema.org","@graph":[{"@type":"WebPage","@id":"https:\/\/www.ppesrl.eu\/-wpress\/cookie-policy\/","url":"https:\/\/www.ppesrl.eu\/-wpress\/cookie-policy\/","name":"Cookie Policy - PPE Srl","isPartOf":{"@id":"https:\/\/www.ppesrl.eu\/-wpress\/#website"},"datePublished":"2023-10-03T07:32:55+00:00","breadcrumb":{"@id":"https:\/\/www.ppesrl.eu\/-wpress\/cookie-policy\/#breadcrumb"},"inLanguage":"it-IT","potentialAction":[{"@type":"ReadAction","target":["https:\/\/www.ppesrl.eu\/-wpress\/cookie-policy\/"]}]},{"@type":"BreadcrumbList","@id":"https:\/\/www.ppesrl.eu\/-wpress\/cookie-policy\/#breadcrumb","itemListElement":[{"@type":"ListItem","position":1,"name":"Home","item":"https:\/\/www.ppesrl.eu\/-wpress\/"},{"@type":"ListItem","position":2,"name":"Cookie Policy"}]},{"@type":"WebSite","@id":"https:\/\/www.ppesrl.eu\/-wpress\/#website","url":"https:\/\/www.ppesrl.eu\/-wpress\/","name":"PPE Srl","description":"Plastic Proget European","potentialAction":[{"@type":"SearchAction","target":{"@type":"EntryPoint","urlTemplate":"https:\/\/www.ppesrl.eu\/-wpress\/?s={search_term_string}"},"query-input":{"@type":"PropertyValueSpecification","valueRequired":true,"valueName":"search_term_string"}}],"inLanguage":"it-IT"}]}},"_links":{"self":[{"href":"https:\/\/www.ppesrl.eu\/-wpress\/wp-json\/wp\/v2\/pages\/81234","targetHints":{"allow":["GET"]}}],"collection":[{"href":"https:\/\/www.ppesrl.eu\/-wpress\/wp-json\/wp\/v2\/pages"}],"about":[{"href":"https:\/\/www.ppesrl.eu\/-wpress\/wp-json\/wp\/v2\/types\/page"}],"author":[{"embeddable":true,"href":"https:\/\/www.ppesrl.eu\/-wpress\/wp-json\/wp\/v2\/users\/1"}],"replies":[{"embeddable":true,"href":"https:\/\/www.ppesrl.eu\/-wpress\/wp-json\/wp\/v2\/comments?post=81234"}],"version-history":[{"count":1,"href":"https:\/\/www.ppesrl.eu\/-wpress\/wp-json\/wp\/v2\/pages\/81234\/revisions"}],"predecessor-version":[{"id":81235,"href":"https:\/\/www.ppesrl.eu\/-wpress\/wp-json\/wp\/v2\/pages\/81234\/revisions\/81235"}],"wp:attachment":[{"href":"https:\/\/www.ppesrl.eu\/-wpress\/wp-json\/wp\/v2\/media?parent=81234"}],"curies":[{"name":"wp","href":"https:\/\/api.w.org\/{rel}","templated":true}]}}