{"id":5128,"date":"2022-07-28T10:28:19","date_gmt":"2022-07-28T08:28:19","guid":{"rendered":"https:\/\/www.ppesrl.eu\/-wpress\/product\/one-way\/"},"modified":"2023-07-11T11:16:08","modified_gmt":"2023-07-11T09:16:08","slug":"one-way","status":"publish","type":"product","link":"https:\/\/www.ppesrl.eu\/-wpress\/product\/one-way\/","title":{"rendered":"ONE WAY"},"content":{"rendered":"<p><img loading=\"lazy\" decoding=\"async\" class=\"alignnone size-full wp-image-79787\" src=\"https:\/\/www.ppesrl.eu\/-wp\/wp-content\/uploads\/2022\/07\/one-way-sch-1.jpg\" alt=\"\" width=\"2000\" height=\"656\" srcset=\"https:\/\/www.ppesrl.eu\/-wpress\/wp-content\/uploads\/2022\/07\/one-way-sch-1.jpg 2000w, https:\/\/www.ppesrl.eu\/-wpress\/wp-content\/uploads\/2022\/07\/one-way-sch-1-300x98.jpg 300w, https:\/\/www.ppesrl.eu\/-wpress\/wp-content\/uploads\/2022\/07\/one-way-sch-1-1024x336.jpg 1024w, https:\/\/www.ppesrl.eu\/-wpress\/wp-content\/uploads\/2022\/07\/one-way-sch-1-768x252.jpg 768w, https:\/\/www.ppesrl.eu\/-wpress\/wp-content\/uploads\/2022\/07\/one-way-sch-1-1536x504.jpg 1536w, https:\/\/www.ppesrl.eu\/-wpress\/wp-content\/uploads\/2022\/07\/one-way-sch-1-600x197.jpg 600w\" sizes=\"auto, (max-width: 2000px) 100vw, 2000px\" \/><img loading=\"lazy\" decoding=\"async\" class=\"alignnone size-full wp-image-79786\" src=\"https:\/\/www.ppesrl.eu\/-wp\/wp-content\/uploads\/2022\/07\/one-way-tab.jpg\" alt=\"\" width=\"1172\" height=\"332\" srcset=\"https:\/\/www.ppesrl.eu\/-wpress\/wp-content\/uploads\/2022\/07\/one-way-tab.jpg 1172w, https:\/\/www.ppesrl.eu\/-wpress\/wp-content\/uploads\/2022\/07\/one-way-tab-300x85.jpg 300w, https:\/\/www.ppesrl.eu\/-wpress\/wp-content\/uploads\/2022\/07\/one-way-tab-1024x290.jpg 1024w, https:\/\/www.ppesrl.eu\/-wpress\/wp-content\/uploads\/2022\/07\/one-way-tab-768x218.jpg 768w, https:\/\/www.ppesrl.eu\/-wpress\/wp-content\/uploads\/2022\/07\/one-way-tab-1170x332.jpg 1170w, https:\/\/www.ppesrl.eu\/-wpress\/wp-content\/uploads\/2022\/07\/one-way-tab-600x170.jpg 600w\" sizes=\"auto, (max-width: 1172px) 100vw, 1172px\" \/><\/p>\n","protected":false},"excerpt":{"rendered":"<p>La sicurezza prima di tutto. Ogni interruzione stradale, scavo, lavoro in genere deve essere segnalato e ben delimitato nel rispetto delle regole vigenti in materia di tutela dei lavoratori e non solo. E\u2019 una questione di rispetto dell\u2019utenza e di buon senso. Mantenere in ordine e in sicurezza ogni cantiere e ogni postazione all\u2019interno di questo \u00e8 fondamentale per ottenere opere di qualit\u00e0. A volte occorre usare manufatti leggeri per segnalare deviazioni di traffico o simulare una nuova viabilit\u00e0. Esistono manufatti concepiti proprio per questo; manufatti leggeri che possono velocemente essere spostati per adeguare perimetro di cantieri o postazioni di lavoro; manufatti robusti e durevoli e perch\u00e9 no anche di aspetto gradevole visto che spesso devono essere impiegati in contesti urbani e ambienti che devono restare ordinati anche durante certi lavori d\u2019impresa.<\/p>\n","protected":false},"featured_media":80682,"template":"","meta":[],"product_brand":[],"product_cat":[462,510,404],"product_tag":[],"class_list":{"0":"post-5128","1":"product","2":"type-product","3":"status-publish","4":"has-post-thumbnail","6":"product_cat-attrezzature-per-ledilizia","7":"product_cat-prodotti-contieristica","8":"product_cat-cantieristica","10":"first","11":"instock","12":"shipping-taxable","13":"product-type-simple"},"yoast_head":"<!-- This site is optimized with the Yoast SEO plugin v24.5 - https:\/\/yoast.com\/wordpress\/plugins\/seo\/ -->\n<title>ONE WAY - PPE Srl<\/title>\n<meta name=\"robots\" content=\"index, follow, max-snippet:-1, max-image-preview:large, max-video-preview:-1\" \/>\n<link rel=\"canonical\" href=\"https:\/\/www.ppesrl.eu\/-wpress\/product\/one-way\/\" \/>\n<meta property=\"og:locale\" content=\"it_IT\" \/>\n<meta property=\"og:type\" content=\"article\" \/>\n<meta property=\"og:title\" content=\"ONE WAY - PPE Srl\" \/>\n<meta property=\"og:description\" content=\"La sicurezza prima di tutto. Ogni interruzione stradale, scavo, lavoro in genere deve essere segnalato e ben delimitato nel rispetto delle regole vigenti in materia di tutela dei lavoratori e non solo. E\u2019 una questione di rispetto dell\u2019utenza e di buon senso. Mantenere in ordine e in sicurezza ogni cantiere e ogni postazione all\u2019interno di questo \u00e8 fondamentale per ottenere opere di qualit\u00e0. A volte occorre usare manufatti leggeri per segnalare deviazioni di traffico o simulare una nuova viabilit\u00e0. Esistono manufatti concepiti proprio per questo; manufatti leggeri che possono velocemente essere spostati per adeguare perimetro di cantieri o postazioni di lavoro; manufatti robusti e durevoli e perch\u00e9 no anche di aspetto gradevole visto che spesso devono essere impiegati in contesti urbani e ambienti che devono restare ordinati anche durante certi lavori d\u2019impresa.\" \/>\n<meta property=\"og:url\" content=\"https:\/\/www.ppesrl.eu\/-wpress\/product\/one-way\/\" \/>\n<meta property=\"og:site_name\" content=\"PPE Srl\" \/>\n<meta property=\"article:modified_time\" content=\"2023-07-11T09:16:08+00:00\" \/>\n<meta property=\"og:image\" content=\"https:\/\/www.ppesrl.eu\/-wpress\/wp-content\/uploads\/2023\/07\/one-way-1.jpg\" \/>\n\t<meta property=\"og:image:width\" content=\"300\" \/>\n\t<meta property=\"og:image:height\" content=\"300\" \/>\n\t<meta property=\"og:image:type\" content=\"image\/jpeg\" \/>\n<meta name=\"twitter:card\" content=\"summary_large_image\" \/>\n<script type=\"application\/ld+json\" class=\"yoast-schema-graph\">{\"@context\":\"https:\/\/schema.org\",\"@graph\":[{\"@type\":\"WebPage\",\"@id\":\"https:\/\/www.ppesrl.eu\/-wpress\/product\/one-way\/\",\"url\":\"https:\/\/www.ppesrl.eu\/-wpress\/product\/one-way\/\",\"name\":\"ONE WAY - PPE Srl\",\"isPartOf\":{\"@id\":\"https:\/\/www.ppesrl.eu\/-wpress\/#website\"},\"primaryImageOfPage\":{\"@id\":\"https:\/\/www.ppesrl.eu\/-wpress\/product\/one-way\/#primaryimage\"},\"image\":{\"@id\":\"https:\/\/www.ppesrl.eu\/-wpress\/product\/one-way\/#primaryimage\"},\"thumbnailUrl\":\"https:\/\/www.ppesrl.eu\/-wpress\/wp-content\/uploads\/2023\/07\/one-way-1.jpg\",\"datePublished\":\"2022-07-28T08:28:19+00:00\",\"dateModified\":\"2023-07-11T09:16:08+00:00\",\"breadcrumb\":{\"@id\":\"https:\/\/www.ppesrl.eu\/-wpress\/product\/one-way\/#breadcrumb\"},\"inLanguage\":\"it-IT\",\"potentialAction\":[{\"@type\":\"ReadAction\",\"target\":[\"https:\/\/www.ppesrl.eu\/-wpress\/product\/one-way\/\"]}]},{\"@type\":\"ImageObject\",\"inLanguage\":\"it-IT\",\"@id\":\"https:\/\/www.ppesrl.eu\/-wpress\/product\/one-way\/#primaryimage\",\"url\":\"https:\/\/www.ppesrl.eu\/-wpress\/wp-content\/uploads\/2023\/07\/one-way-1.jpg\",\"contentUrl\":\"https:\/\/www.ppesrl.eu\/-wpress\/wp-content\/uploads\/2023\/07\/one-way-1.jpg\",\"width\":300,\"height\":300},{\"@type\":\"BreadcrumbList\",\"@id\":\"https:\/\/www.ppesrl.eu\/-wpress\/product\/one-way\/#breadcrumb\",\"itemListElement\":[{\"@type\":\"ListItem\",\"position\":1,\"name\":\"Home\",\"item\":\"https:\/\/www.ppesrl.eu\/-wpress\/\"},{\"@type\":\"ListItem\",\"position\":2,\"name\":\"Shop\",\"item\":\"https:\/\/www.ppesrl.eu\/-wpress\/shop-2\/\"},{\"@type\":\"ListItem\",\"position\":3,\"name\":\"ONE WAY\"}]},{\"@type\":\"WebSite\",\"@id\":\"https:\/\/www.ppesrl.eu\/-wpress\/#website\",\"url\":\"https:\/\/www.ppesrl.eu\/-wpress\/\",\"name\":\"PPE Srl\",\"description\":\"Plastic Proget European\",\"potentialAction\":[{\"@type\":\"SearchAction\",\"target\":{\"@type\":\"EntryPoint\",\"urlTemplate\":\"https:\/\/www.ppesrl.eu\/-wpress\/?s={search_term_string}\"},\"query-input\":{\"@type\":\"PropertyValueSpecification\",\"valueRequired\":true,\"valueName\":\"search_term_string\"}}],\"inLanguage\":\"it-IT\"}]}<\/script>\n<!-- \/ Yoast SEO plugin. -->","yoast_head_json":{"title":"ONE WAY - PPE Srl","robots":{"index":"index","follow":"follow","max-snippet":"max-snippet:-1","max-image-preview":"max-image-preview:large","max-video-preview":"max-video-preview:-1"},"canonical":"https:\/\/www.ppesrl.eu\/-wpress\/product\/one-way\/","og_locale":"it_IT","og_type":"article","og_title":"ONE WAY - PPE Srl","og_description":"La sicurezza prima di tutto. Ogni interruzione stradale, scavo, lavoro in genere deve essere segnalato e ben delimitato nel rispetto delle regole vigenti in materia di tutela dei lavoratori e non solo. E\u2019 una questione di rispetto dell\u2019utenza e di buon senso. Mantenere in ordine e in sicurezza ogni cantiere e ogni postazione all\u2019interno di questo \u00e8 fondamentale per ottenere opere di qualit\u00e0. A volte occorre usare manufatti leggeri per segnalare deviazioni di traffico o simulare una nuova viabilit\u00e0. Esistono manufatti concepiti proprio per questo; manufatti leggeri che possono velocemente essere spostati per adeguare perimetro di cantieri o postazioni di lavoro; manufatti robusti e durevoli e perch\u00e9 no anche di aspetto gradevole visto che spesso devono essere impiegati in contesti urbani e ambienti che devono restare ordinati anche durante certi lavori d\u2019impresa.","og_url":"https:\/\/www.ppesrl.eu\/-wpress\/product\/one-way\/","og_site_name":"PPE Srl","article_modified_time":"2023-07-11T09:16:08+00:00","og_image":[{"width":300,"height":300,"url":"https:\/\/www.ppesrl.eu\/-wpress\/wp-content\/uploads\/2023\/07\/one-way-1.jpg","type":"image\/jpeg"}],"twitter_card":"summary_large_image","schema":{"@context":"https:\/\/schema.org","@graph":[{"@type":"WebPage","@id":"https:\/\/www.ppesrl.eu\/-wpress\/product\/one-way\/","url":"https:\/\/www.ppesrl.eu\/-wpress\/product\/one-way\/","name":"ONE WAY - PPE Srl","isPartOf":{"@id":"https:\/\/www.ppesrl.eu\/-wpress\/#website"},"primaryImageOfPage":{"@id":"https:\/\/www.ppesrl.eu\/-wpress\/product\/one-way\/#primaryimage"},"image":{"@id":"https:\/\/www.ppesrl.eu\/-wpress\/product\/one-way\/#primaryimage"},"thumbnailUrl":"https:\/\/www.ppesrl.eu\/-wpress\/wp-content\/uploads\/2023\/07\/one-way-1.jpg","datePublished":"2022-07-28T08:28:19+00:00","dateModified":"2023-07-11T09:16:08+00:00","breadcrumb":{"@id":"https:\/\/www.ppesrl.eu\/-wpress\/product\/one-way\/#breadcrumb"},"inLanguage":"it-IT","potentialAction":[{"@type":"ReadAction","target":["https:\/\/www.ppesrl.eu\/-wpress\/product\/one-way\/"]}]},{"@type":"ImageObject","inLanguage":"it-IT","@id":"https:\/\/www.ppesrl.eu\/-wpress\/product\/one-way\/#primaryimage","url":"https:\/\/www.ppesrl.eu\/-wpress\/wp-content\/uploads\/2023\/07\/one-way-1.jpg","contentUrl":"https:\/\/www.ppesrl.eu\/-wpress\/wp-content\/uploads\/2023\/07\/one-way-1.jpg","width":300,"height":300},{"@type":"BreadcrumbList","@id":"https:\/\/www.ppesrl.eu\/-wpress\/product\/one-way\/#breadcrumb","itemListElement":[{"@type":"ListItem","position":1,"name":"Home","item":"https:\/\/www.ppesrl.eu\/-wpress\/"},{"@type":"ListItem","position":2,"name":"Shop","item":"https:\/\/www.ppesrl.eu\/-wpress\/shop-2\/"},{"@type":"ListItem","position":3,"name":"ONE WAY"}]},{"@type":"WebSite","@id":"https:\/\/www.ppesrl.eu\/-wpress\/#website","url":"https:\/\/www.ppesrl.eu\/-wpress\/","name":"PPE Srl","description":"Plastic Proget European","potentialAction":[{"@type":"SearchAction","target":{"@type":"EntryPoint","urlTemplate":"https:\/\/www.ppesrl.eu\/-wpress\/?s={search_term_string}"},"query-input":{"@type":"PropertyValueSpecification","valueRequired":true,"valueName":"search_term_string"}}],"inLanguage":"it-IT"}]}},"_links":{"self":[{"href":"https:\/\/www.ppesrl.eu\/-wpress\/wp-json\/wp\/v2\/product\/5128","targetHints":{"allow":["GET"]}}],"collection":[{"href":"https:\/\/www.ppesrl.eu\/-wpress\/wp-json\/wp\/v2\/product"}],"about":[{"href":"https:\/\/www.ppesrl.eu\/-wpress\/wp-json\/wp\/v2\/types\/product"}],"wp:featuredmedia":[{"embeddable":true,"href":"https:\/\/www.ppesrl.eu\/-wpress\/wp-json\/wp\/v2\/media\/80682"}],"wp:attachment":[{"href":"https:\/\/www.ppesrl.eu\/-wpress\/wp-json\/wp\/v2\/media?parent=5128"}],"wp:term":[{"taxonomy":"product_brand","embeddable":true,"href":"https:\/\/www.ppesrl.eu\/-wpress\/wp-json\/wp\/v2\/product_brand?post=5128"},{"taxonomy":"product_cat","embeddable":true,"href":"https:\/\/www.ppesrl.eu\/-wpress\/wp-json\/wp\/v2\/product_cat?post=5128"},{"taxonomy":"product_tag","embeddable":true,"href":"https:\/\/www.ppesrl.eu\/-wpress\/wp-json\/wp\/v2\/product_tag?post=5128"}],"curies":[{"name":"wp","href":"https:\/\/api.w.org\/{rel}","templated":true}]}}