{"id":5156,"date":"2022-07-28T10:28:29","date_gmt":"2022-07-28T08:28:29","guid":{"rendered":"https:\/\/www.ppesrl.eu\/-wpress\/product\/superstars-pc-2\/"},"modified":"2023-07-11T11:17:03","modified_gmt":"2023-07-11T09:17:03","slug":"superstars-pc-evo","status":"publish","type":"product","link":"https:\/\/www.ppesrl.eu\/-wpress\/product\/superstars-pc-evo\/","title":{"rendered":"SUPERSTARS PC EVO"},"content":{"rendered":"<p><img loading=\"lazy\" decoding=\"async\" class=\"alignnone size-full wp-image-79603\" src=\"https:\/\/www.ppesrl.eu\/-wp\/wp-content\/uploads\/2022\/07\/superstars-pc-evo-sch.jpg\" alt=\"\" width=\"1640\" height=\"560\" srcset=\"https:\/\/www.ppesrl.eu\/-wpress\/wp-content\/uploads\/2022\/07\/superstars-pc-evo-sch.jpg 1640w, https:\/\/www.ppesrl.eu\/-wpress\/wp-content\/uploads\/2022\/07\/superstars-pc-evo-sch-300x102.jpg 300w, https:\/\/www.ppesrl.eu\/-wpress\/wp-content\/uploads\/2022\/07\/superstars-pc-evo-sch-1024x350.jpg 1024w, https:\/\/www.ppesrl.eu\/-wpress\/wp-content\/uploads\/2022\/07\/superstars-pc-evo-sch-768x262.jpg 768w, https:\/\/www.ppesrl.eu\/-wpress\/wp-content\/uploads\/2022\/07\/superstars-pc-evo-sch-1536x524.jpg 1536w, https:\/\/www.ppesrl.eu\/-wpress\/wp-content\/uploads\/2022\/07\/superstars-pc-evo-sch-600x205.jpg 600w\" sizes=\"auto, (max-width: 1640px) 100vw, 1640px\" \/><\/p>\n<p><img loading=\"lazy\" decoding=\"async\" class=\"alignnone size-full wp-image-79604\" src=\"https:\/\/www.ppesrl.eu\/-wp\/wp-content\/uploads\/2022\/07\/superstars-pc-evo-tab.jpg\" alt=\"\" width=\"1396\" height=\"440\" srcset=\"https:\/\/www.ppesrl.eu\/-wpress\/wp-content\/uploads\/2022\/07\/superstars-pc-evo-tab.jpg 1396w, https:\/\/www.ppesrl.eu\/-wpress\/wp-content\/uploads\/2022\/07\/superstars-pc-evo-tab-300x95.jpg 300w, https:\/\/www.ppesrl.eu\/-wpress\/wp-content\/uploads\/2022\/07\/superstars-pc-evo-tab-1024x323.jpg 1024w, https:\/\/www.ppesrl.eu\/-wpress\/wp-content\/uploads\/2022\/07\/superstars-pc-evo-tab-768x242.jpg 768w, https:\/\/www.ppesrl.eu\/-wpress\/wp-content\/uploads\/2022\/07\/superstars-pc-evo-tab-600x189.jpg 600w\" sizes=\"auto, (max-width: 1396px) 100vw, 1396px\" \/><\/p>\n","protected":false},"excerpt":{"rendered":"<p>Si tratta di particolari dispositivi che permettono di mantenere puliti i collettori a valle dei trattamenti o pi\u00f9 semplicemente a valle degli scarichi prima del loro allaccio<br \/>\nai ricettori. I pozzetti o camerette di cacciata o sifoni a scarico repentino innescati automaticamente vengono impiegati per mantenere la pulizia delle condotte di scarico e delle fognature civili o industriali ed in alcuni casi vengono impiegati come dispositivi di carico di serbatoi di servizio; si compongono di manufatti cavi corredati di un raccoglitore galleggiante che, terminata la propria corsa in superficie al massimo livello, non asseconda la risalita oltre lo stesso e arrestandosi, affonda svuotando velocemente il contenuto verso l\u2019apertura dell\u2019allaccio in uscita posto sul fondo del contenitore. Il pozzetto di cacciata, a differenza di altri sistemi, permette uno scarico sicuro e veloce del liquido contenuta al suo interno anche nel caso di scarichi discontinui. La sola parte in movimento \u00e8 costituita dalla tubazione flessibile di collegamento tra il raccoglitore galleggiante e il fondo del serbatoio ed \u00e8 quindi garantita la massima affidabilit\u00e0. Tutto ci\u00f2 evita intasamenti e garantisce flussi idrici abbondanti in grado di restituire l\u2019effetto di lavaggio atteso delle condotte a valle.<\/p>\n","protected":false},"featured_media":80721,"template":"","meta":[],"product_brand":[],"product_cat":[460,517,423,415],"product_tag":[],"class_list":{"0":"post-5156","1":"product","2":"type-product","3":"status-publish","4":"has-post-thumbnail","6":"product_cat-complementi-trattamento-acque-reflue","7":"product_cat-prodotti-trattamento-acque-reflue","8":"product_cat-pozzetti-di-cacciata","9":"product_cat-trattamento-acque-reflue","11":"first","12":"instock","13":"shipping-taxable","14":"product-type-simple"},"yoast_head":"<!-- This site is optimized with the Yoast SEO plugin v24.5 - https:\/\/yoast.com\/wordpress\/plugins\/seo\/ -->\n<title>SUPERSTARS PC EVO - PPE Srl<\/title>\n<meta name=\"robots\" content=\"index, follow, max-snippet:-1, max-image-preview:large, max-video-preview:-1\" \/>\n<link rel=\"canonical\" href=\"https:\/\/www.ppesrl.eu\/-wpress\/product\/superstars-pc-evo\/\" \/>\n<meta property=\"og:locale\" content=\"it_IT\" \/>\n<meta property=\"og:type\" content=\"article\" \/>\n<meta property=\"og:title\" content=\"SUPERSTARS PC EVO - PPE Srl\" \/>\n<meta property=\"og:description\" content=\"Si tratta di particolari dispositivi che permettono di mantenere puliti i collettori a valle dei trattamenti o pi\u00f9 semplicemente a valle degli scarichi prima del loro allaccio ai ricettori. I pozzetti o camerette di cacciata o sifoni a scarico repentino innescati automaticamente vengono impiegati per mantenere la pulizia delle condotte di scarico e delle fognature civili o industriali ed in alcuni casi vengono impiegati come dispositivi di carico di serbatoi di servizio; si compongono di manufatti cavi corredati di un raccoglitore galleggiante che, terminata la propria corsa in superficie al massimo livello, non asseconda la risalita oltre lo stesso e arrestandosi, affonda svuotando velocemente il contenuto verso l\u2019apertura dell\u2019allaccio in uscita posto sul fondo del contenitore. Il pozzetto di cacciata, a differenza di altri sistemi, permette uno scarico sicuro e veloce del liquido contenuta al suo interno anche nel caso di scarichi discontinui. La sola parte in movimento \u00e8 costituita dalla tubazione flessibile di collegamento tra il raccoglitore galleggiante e il fondo del serbatoio ed \u00e8 quindi garantita la massima affidabilit\u00e0. Tutto ci\u00f2 evita intasamenti e garantisce flussi idrici abbondanti in grado di restituire l\u2019effetto di lavaggio atteso delle condotte a valle.\" \/>\n<meta property=\"og:url\" content=\"https:\/\/www.ppesrl.eu\/-wpress\/product\/superstars-pc-evo\/\" \/>\n<meta property=\"og:site_name\" content=\"PPE Srl\" \/>\n<meta property=\"article:modified_time\" content=\"2023-07-11T09:17:03+00:00\" \/>\n<meta property=\"og:image\" content=\"https:\/\/www.ppesrl.eu\/-wpress\/wp-content\/uploads\/2023\/07\/superstars-pc-evo.jpg\" \/>\n\t<meta property=\"og:image:width\" content=\"300\" \/>\n\t<meta property=\"og:image:height\" content=\"300\" \/>\n\t<meta property=\"og:image:type\" content=\"image\/jpeg\" \/>\n<meta name=\"twitter:card\" content=\"summary_large_image\" \/>\n<script type=\"application\/ld+json\" class=\"yoast-schema-graph\">{\"@context\":\"https:\/\/schema.org\",\"@graph\":[{\"@type\":\"WebPage\",\"@id\":\"https:\/\/www.ppesrl.eu\/-wpress\/product\/superstars-pc-evo\/\",\"url\":\"https:\/\/www.ppesrl.eu\/-wpress\/product\/superstars-pc-evo\/\",\"name\":\"SUPERSTARS PC EVO - PPE Srl\",\"isPartOf\":{\"@id\":\"https:\/\/www.ppesrl.eu\/-wpress\/#website\"},\"primaryImageOfPage\":{\"@id\":\"https:\/\/www.ppesrl.eu\/-wpress\/product\/superstars-pc-evo\/#primaryimage\"},\"image\":{\"@id\":\"https:\/\/www.ppesrl.eu\/-wpress\/product\/superstars-pc-evo\/#primaryimage\"},\"thumbnailUrl\":\"https:\/\/www.ppesrl.eu\/-wpress\/wp-content\/uploads\/2023\/07\/superstars-pc-evo.jpg\",\"datePublished\":\"2022-07-28T08:28:29+00:00\",\"dateModified\":\"2023-07-11T09:17:03+00:00\",\"breadcrumb\":{\"@id\":\"https:\/\/www.ppesrl.eu\/-wpress\/product\/superstars-pc-evo\/#breadcrumb\"},\"inLanguage\":\"it-IT\",\"potentialAction\":[{\"@type\":\"ReadAction\",\"target\":[\"https:\/\/www.ppesrl.eu\/-wpress\/product\/superstars-pc-evo\/\"]}]},{\"@type\":\"ImageObject\",\"inLanguage\":\"it-IT\",\"@id\":\"https:\/\/www.ppesrl.eu\/-wpress\/product\/superstars-pc-evo\/#primaryimage\",\"url\":\"https:\/\/www.ppesrl.eu\/-wpress\/wp-content\/uploads\/2023\/07\/superstars-pc-evo.jpg\",\"contentUrl\":\"https:\/\/www.ppesrl.eu\/-wpress\/wp-content\/uploads\/2023\/07\/superstars-pc-evo.jpg\",\"width\":300,\"height\":300},{\"@type\":\"BreadcrumbList\",\"@id\":\"https:\/\/www.ppesrl.eu\/-wpress\/product\/superstars-pc-evo\/#breadcrumb\",\"itemListElement\":[{\"@type\":\"ListItem\",\"position\":1,\"name\":\"Home\",\"item\":\"https:\/\/www.ppesrl.eu\/-wpress\/\"},{\"@type\":\"ListItem\",\"position\":2,\"name\":\"Shop\",\"item\":\"https:\/\/www.ppesrl.eu\/-wpress\/shop-2\/\"},{\"@type\":\"ListItem\",\"position\":3,\"name\":\"SUPERSTARS PC EVO\"}]},{\"@type\":\"WebSite\",\"@id\":\"https:\/\/www.ppesrl.eu\/-wpress\/#website\",\"url\":\"https:\/\/www.ppesrl.eu\/-wpress\/\",\"name\":\"PPE Srl\",\"description\":\"Plastic Proget European\",\"potentialAction\":[{\"@type\":\"SearchAction\",\"target\":{\"@type\":\"EntryPoint\",\"urlTemplate\":\"https:\/\/www.ppesrl.eu\/-wpress\/?s={search_term_string}\"},\"query-input\":{\"@type\":\"PropertyValueSpecification\",\"valueRequired\":true,\"valueName\":\"search_term_string\"}}],\"inLanguage\":\"it-IT\"}]}<\/script>\n<!-- \/ Yoast SEO plugin. -->","yoast_head_json":{"title":"SUPERSTARS PC EVO - PPE Srl","robots":{"index":"index","follow":"follow","max-snippet":"max-snippet:-1","max-image-preview":"max-image-preview:large","max-video-preview":"max-video-preview:-1"},"canonical":"https:\/\/www.ppesrl.eu\/-wpress\/product\/superstars-pc-evo\/","og_locale":"it_IT","og_type":"article","og_title":"SUPERSTARS PC EVO - PPE Srl","og_description":"Si tratta di particolari dispositivi che permettono di mantenere puliti i collettori a valle dei trattamenti o pi\u00f9 semplicemente a valle degli scarichi prima del loro allaccio ai ricettori. I pozzetti o camerette di cacciata o sifoni a scarico repentino innescati automaticamente vengono impiegati per mantenere la pulizia delle condotte di scarico e delle fognature civili o industriali ed in alcuni casi vengono impiegati come dispositivi di carico di serbatoi di servizio; si compongono di manufatti cavi corredati di un raccoglitore galleggiante che, terminata la propria corsa in superficie al massimo livello, non asseconda la risalita oltre lo stesso e arrestandosi, affonda svuotando velocemente il contenuto verso l\u2019apertura dell\u2019allaccio in uscita posto sul fondo del contenitore. Il pozzetto di cacciata, a differenza di altri sistemi, permette uno scarico sicuro e veloce del liquido contenuta al suo interno anche nel caso di scarichi discontinui. La sola parte in movimento \u00e8 costituita dalla tubazione flessibile di collegamento tra il raccoglitore galleggiante e il fondo del serbatoio ed \u00e8 quindi garantita la massima affidabilit\u00e0. Tutto ci\u00f2 evita intasamenti e garantisce flussi idrici abbondanti in grado di restituire l\u2019effetto di lavaggio atteso delle condotte a valle.","og_url":"https:\/\/www.ppesrl.eu\/-wpress\/product\/superstars-pc-evo\/","og_site_name":"PPE Srl","article_modified_time":"2023-07-11T09:17:03+00:00","og_image":[{"width":300,"height":300,"url":"https:\/\/www.ppesrl.eu\/-wpress\/wp-content\/uploads\/2023\/07\/superstars-pc-evo.jpg","type":"image\/jpeg"}],"twitter_card":"summary_large_image","schema":{"@context":"https:\/\/schema.org","@graph":[{"@type":"WebPage","@id":"https:\/\/www.ppesrl.eu\/-wpress\/product\/superstars-pc-evo\/","url":"https:\/\/www.ppesrl.eu\/-wpress\/product\/superstars-pc-evo\/","name":"SUPERSTARS PC EVO - PPE Srl","isPartOf":{"@id":"https:\/\/www.ppesrl.eu\/-wpress\/#website"},"primaryImageOfPage":{"@id":"https:\/\/www.ppesrl.eu\/-wpress\/product\/superstars-pc-evo\/#primaryimage"},"image":{"@id":"https:\/\/www.ppesrl.eu\/-wpress\/product\/superstars-pc-evo\/#primaryimage"},"thumbnailUrl":"https:\/\/www.ppesrl.eu\/-wpress\/wp-content\/uploads\/2023\/07\/superstars-pc-evo.jpg","datePublished":"2022-07-28T08:28:29+00:00","dateModified":"2023-07-11T09:17:03+00:00","breadcrumb":{"@id":"https:\/\/www.ppesrl.eu\/-wpress\/product\/superstars-pc-evo\/#breadcrumb"},"inLanguage":"it-IT","potentialAction":[{"@type":"ReadAction","target":["https:\/\/www.ppesrl.eu\/-wpress\/product\/superstars-pc-evo\/"]}]},{"@type":"ImageObject","inLanguage":"it-IT","@id":"https:\/\/www.ppesrl.eu\/-wpress\/product\/superstars-pc-evo\/#primaryimage","url":"https:\/\/www.ppesrl.eu\/-wpress\/wp-content\/uploads\/2023\/07\/superstars-pc-evo.jpg","contentUrl":"https:\/\/www.ppesrl.eu\/-wpress\/wp-content\/uploads\/2023\/07\/superstars-pc-evo.jpg","width":300,"height":300},{"@type":"BreadcrumbList","@id":"https:\/\/www.ppesrl.eu\/-wpress\/product\/superstars-pc-evo\/#breadcrumb","itemListElement":[{"@type":"ListItem","position":1,"name":"Home","item":"https:\/\/www.ppesrl.eu\/-wpress\/"},{"@type":"ListItem","position":2,"name":"Shop","item":"https:\/\/www.ppesrl.eu\/-wpress\/shop-2\/"},{"@type":"ListItem","position":3,"name":"SUPERSTARS PC EVO"}]},{"@type":"WebSite","@id":"https:\/\/www.ppesrl.eu\/-wpress\/#website","url":"https:\/\/www.ppesrl.eu\/-wpress\/","name":"PPE Srl","description":"Plastic Proget European","potentialAction":[{"@type":"SearchAction","target":{"@type":"EntryPoint","urlTemplate":"https:\/\/www.ppesrl.eu\/-wpress\/?s={search_term_string}"},"query-input":{"@type":"PropertyValueSpecification","valueRequired":true,"valueName":"search_term_string"}}],"inLanguage":"it-IT"}]}},"_links":{"self":[{"href":"https:\/\/www.ppesrl.eu\/-wpress\/wp-json\/wp\/v2\/product\/5156","targetHints":{"allow":["GET"]}}],"collection":[{"href":"https:\/\/www.ppesrl.eu\/-wpress\/wp-json\/wp\/v2\/product"}],"about":[{"href":"https:\/\/www.ppesrl.eu\/-wpress\/wp-json\/wp\/v2\/types\/product"}],"wp:featuredmedia":[{"embeddable":true,"href":"https:\/\/www.ppesrl.eu\/-wpress\/wp-json\/wp\/v2\/media\/80721"}],"wp:attachment":[{"href":"https:\/\/www.ppesrl.eu\/-wpress\/wp-json\/wp\/v2\/media?parent=5156"}],"wp:term":[{"taxonomy":"product_brand","embeddable":true,"href":"https:\/\/www.ppesrl.eu\/-wpress\/wp-json\/wp\/v2\/product_brand?post=5156"},{"taxonomy":"product_cat","embeddable":true,"href":"https:\/\/www.ppesrl.eu\/-wpress\/wp-json\/wp\/v2\/product_cat?post=5156"},{"taxonomy":"product_tag","embeddable":true,"href":"https:\/\/www.ppesrl.eu\/-wpress\/wp-json\/wp\/v2\/product_tag?post=5156"}],"curies":[{"name":"wp","href":"https:\/\/api.w.org\/{rel}","templated":true}]}}