{"id":5174,"date":"2022-07-28T10:28:41","date_gmt":"2022-07-28T08:28:41","guid":{"rendered":"https:\/\/www.ppesrl.eu\/-wpress\/product\/cromafil-an\/"},"modified":"2023-07-11T11:17:42","modified_gmt":"2023-07-11T09:17:42","slug":"cromafil-an","status":"publish","type":"product","link":"https:\/\/www.ppesrl.eu\/-wpress\/product\/cromafil-an\/","title":{"rendered":"CROMAFIL\/AN"},"content":{"rendered":"<p><img loading=\"lazy\" decoding=\"async\" class=\"alignnone size-full wp-image-79383\" src=\"https:\/\/www.ppesrl.eu\/-wp\/wp-content\/uploads\/2022\/07\/cromafil-an-sch.jpg\" alt=\"\" width=\"1648\" height=\"748\" srcset=\"https:\/\/www.ppesrl.eu\/-wpress\/wp-content\/uploads\/2022\/07\/cromafil-an-sch.jpg 1648w, https:\/\/www.ppesrl.eu\/-wpress\/wp-content\/uploads\/2022\/07\/cromafil-an-sch-300x136.jpg 300w, https:\/\/www.ppesrl.eu\/-wpress\/wp-content\/uploads\/2022\/07\/cromafil-an-sch-1024x465.jpg 1024w, https:\/\/www.ppesrl.eu\/-wpress\/wp-content\/uploads\/2022\/07\/cromafil-an-sch-768x349.jpg 768w, https:\/\/www.ppesrl.eu\/-wpress\/wp-content\/uploads\/2022\/07\/cromafil-an-sch-1536x697.jpg 1536w, https:\/\/www.ppesrl.eu\/-wpress\/wp-content\/uploads\/2022\/07\/cromafil-an-sch-600x272.jpg 600w\" sizes=\"auto, (max-width: 1648px) 100vw, 1648px\" \/><\/p>\n<p><img loading=\"lazy\" decoding=\"async\" class=\"alignnone size-full wp-image-79384\" src=\"https:\/\/www.ppesrl.eu\/-wp\/wp-content\/uploads\/2022\/07\/cromafil-an-tab.jpg\" alt=\"\" width=\"2068\" height=\"708\" srcset=\"https:\/\/www.ppesrl.eu\/-wpress\/wp-content\/uploads\/2022\/07\/cromafil-an-tab.jpg 2068w, https:\/\/www.ppesrl.eu\/-wpress\/wp-content\/uploads\/2022\/07\/cromafil-an-tab-300x103.jpg 300w, https:\/\/www.ppesrl.eu\/-wpress\/wp-content\/uploads\/2022\/07\/cromafil-an-tab-1024x351.jpg 1024w, https:\/\/www.ppesrl.eu\/-wpress\/wp-content\/uploads\/2022\/07\/cromafil-an-tab-768x263.jpg 768w, https:\/\/www.ppesrl.eu\/-wpress\/wp-content\/uploads\/2022\/07\/cromafil-an-tab-1536x526.jpg 1536w, https:\/\/www.ppesrl.eu\/-wpress\/wp-content\/uploads\/2022\/07\/cromafil-an-tab-2048x701.jpg 2048w, https:\/\/www.ppesrl.eu\/-wpress\/wp-content\/uploads\/2022\/07\/cromafil-an-tab-600x205.jpg 600w\" sizes=\"auto, (max-width: 2068px) 100vw, 2068px\" \/><\/p>\n","protected":false},"excerpt":{"rendered":"<p>Il FILTRO PERCOLATORE (o letto percolatore) \u00e8 un reattore biologico a biomassa adesa, in cui il trattamento biologico pu\u00f2 essere sia di tipo anaerobico che aerobico a seconda delle diverse modalit\u00e0 di funzionamento. Normalmente si tratta di una struttura cilindrica all\u2019interno della quale vi \u00e8 un riempimento inerte di materiale plastico, dove il liquame, proveniente dalla fase di sedimentazione primaria e quindi gi\u00e0 chiarificato, viene distribuito e percola nella massa interna. Nei percolatori anaerobici la massa filtrante viene completamente sommersa dal liquame influente; in questo modo si determinano condi-zioni anaerobiche all\u2019interno del reattore e le conseguenti reazioni di degradazione della sostanza organica sono quelle tipiche di un\u2019atmosfera riducente. I riempimenti sono alla rinfusa, in materiale plastico, ottenuti per stampaggio a iniezione. Nei filtri percolatori anaerobici non \u00e8 abitualmente necessario un sedimentatore finale a valle poich\u00e9 la pellicola biologica distaccata dai corpi di riempimento si deposita sul fondo degli stessi e viene degradata anaerobicamente. Sono necessarie periodiche operazioni di spurgo della vasca.<\/p>\n","protected":false},"featured_media":80741,"template":"","meta":[],"product_brand":[],"product_cat":[517,432,459,415],"product_tag":[],"class_list":{"0":"post-5174","1":"product","2":"type-product","3":"status-publish","4":"has-post-thumbnail","6":"product_cat-prodotti-trattamento-acque-reflue","7":"product_cat-filtro-percolatore-anaerobico","8":"product_cat-trattamento-secondario","9":"product_cat-trattamento-acque-reflue","11":"first","12":"instock","13":"shipping-taxable","14":"product-type-simple"},"yoast_head":"<!-- This site is optimized with the Yoast SEO plugin v24.5 - https:\/\/yoast.com\/wordpress\/plugins\/seo\/ -->\n<title>CROMAFIL\/AN - PPE Srl<\/title>\n<meta name=\"robots\" content=\"index, follow, max-snippet:-1, max-image-preview:large, max-video-preview:-1\" \/>\n<link rel=\"canonical\" href=\"https:\/\/www.ppesrl.eu\/-wpress\/product\/cromafil-an\/\" \/>\n<meta property=\"og:locale\" content=\"it_IT\" \/>\n<meta property=\"og:type\" content=\"article\" \/>\n<meta property=\"og:title\" content=\"CROMAFIL\/AN - PPE Srl\" \/>\n<meta property=\"og:description\" content=\"Il FILTRO PERCOLATORE (o letto percolatore) \u00e8 un reattore biologico a biomassa adesa, in cui il trattamento biologico pu\u00f2 essere sia di tipo anaerobico che aerobico a seconda delle diverse modalit\u00e0 di funzionamento. Normalmente si tratta di una struttura cilindrica all\u2019interno della quale vi \u00e8 un riempimento inerte di materiale plastico, dove il liquame, proveniente dalla fase di sedimentazione primaria e quindi gi\u00e0 chiarificato, viene distribuito e percola nella massa interna. Nei percolatori anaerobici la massa filtrante viene completamente sommersa dal liquame influente; in questo modo si determinano condi-zioni anaerobiche all\u2019interno del reattore e le conseguenti reazioni di degradazione della sostanza organica sono quelle tipiche di un\u2019atmosfera riducente. I riempimenti sono alla rinfusa, in materiale plastico, ottenuti per stampaggio a iniezione. Nei filtri percolatori anaerobici non \u00e8 abitualmente necessario un sedimentatore finale a valle poich\u00e9 la pellicola biologica distaccata dai corpi di riempimento si deposita sul fondo degli stessi e viene degradata anaerobicamente. Sono necessarie periodiche operazioni di spurgo della vasca.\" \/>\n<meta property=\"og:url\" content=\"https:\/\/www.ppesrl.eu\/-wpress\/product\/cromafil-an\/\" \/>\n<meta property=\"og:site_name\" content=\"PPE Srl\" \/>\n<meta property=\"article:modified_time\" content=\"2023-07-11T09:17:42+00:00\" \/>\n<meta property=\"og:image\" content=\"https:\/\/www.ppesrl.eu\/-wpress\/wp-content\/uploads\/2023\/07\/cromafil-an-fig.jpg\" \/>\n\t<meta property=\"og:image:width\" content=\"300\" \/>\n\t<meta property=\"og:image:height\" content=\"300\" \/>\n\t<meta property=\"og:image:type\" content=\"image\/jpeg\" \/>\n<meta name=\"twitter:card\" content=\"summary_large_image\" \/>\n<script type=\"application\/ld+json\" class=\"yoast-schema-graph\">{\"@context\":\"https:\/\/schema.org\",\"@graph\":[{\"@type\":\"WebPage\",\"@id\":\"https:\/\/www.ppesrl.eu\/-wpress\/product\/cromafil-an\/\",\"url\":\"https:\/\/www.ppesrl.eu\/-wpress\/product\/cromafil-an\/\",\"name\":\"CROMAFIL\/AN - PPE Srl\",\"isPartOf\":{\"@id\":\"https:\/\/www.ppesrl.eu\/-wpress\/#website\"},\"primaryImageOfPage\":{\"@id\":\"https:\/\/www.ppesrl.eu\/-wpress\/product\/cromafil-an\/#primaryimage\"},\"image\":{\"@id\":\"https:\/\/www.ppesrl.eu\/-wpress\/product\/cromafil-an\/#primaryimage\"},\"thumbnailUrl\":\"https:\/\/www.ppesrl.eu\/-wpress\/wp-content\/uploads\/2023\/07\/cromafil-an-fig.jpg\",\"datePublished\":\"2022-07-28T08:28:41+00:00\",\"dateModified\":\"2023-07-11T09:17:42+00:00\",\"breadcrumb\":{\"@id\":\"https:\/\/www.ppesrl.eu\/-wpress\/product\/cromafil-an\/#breadcrumb\"},\"inLanguage\":\"it-IT\",\"potentialAction\":[{\"@type\":\"ReadAction\",\"target\":[\"https:\/\/www.ppesrl.eu\/-wpress\/product\/cromafil-an\/\"]}]},{\"@type\":\"ImageObject\",\"inLanguage\":\"it-IT\",\"@id\":\"https:\/\/www.ppesrl.eu\/-wpress\/product\/cromafil-an\/#primaryimage\",\"url\":\"https:\/\/www.ppesrl.eu\/-wpress\/wp-content\/uploads\/2023\/07\/cromafil-an-fig.jpg\",\"contentUrl\":\"https:\/\/www.ppesrl.eu\/-wpress\/wp-content\/uploads\/2023\/07\/cromafil-an-fig.jpg\",\"width\":300,\"height\":300},{\"@type\":\"BreadcrumbList\",\"@id\":\"https:\/\/www.ppesrl.eu\/-wpress\/product\/cromafil-an\/#breadcrumb\",\"itemListElement\":[{\"@type\":\"ListItem\",\"position\":1,\"name\":\"Home\",\"item\":\"https:\/\/www.ppesrl.eu\/-wpress\/\"},{\"@type\":\"ListItem\",\"position\":2,\"name\":\"Shop\",\"item\":\"https:\/\/www.ppesrl.eu\/-wpress\/shop-2\/\"},{\"@type\":\"ListItem\",\"position\":3,\"name\":\"CROMAFIL\/AN\"}]},{\"@type\":\"WebSite\",\"@id\":\"https:\/\/www.ppesrl.eu\/-wpress\/#website\",\"url\":\"https:\/\/www.ppesrl.eu\/-wpress\/\",\"name\":\"PPE Srl\",\"description\":\"Plastic Proget European\",\"potentialAction\":[{\"@type\":\"SearchAction\",\"target\":{\"@type\":\"EntryPoint\",\"urlTemplate\":\"https:\/\/www.ppesrl.eu\/-wpress\/?s={search_term_string}\"},\"query-input\":{\"@type\":\"PropertyValueSpecification\",\"valueRequired\":true,\"valueName\":\"search_term_string\"}}],\"inLanguage\":\"it-IT\"}]}<\/script>\n<!-- \/ Yoast SEO plugin. -->","yoast_head_json":{"title":"CROMAFIL\/AN - PPE Srl","robots":{"index":"index","follow":"follow","max-snippet":"max-snippet:-1","max-image-preview":"max-image-preview:large","max-video-preview":"max-video-preview:-1"},"canonical":"https:\/\/www.ppesrl.eu\/-wpress\/product\/cromafil-an\/","og_locale":"it_IT","og_type":"article","og_title":"CROMAFIL\/AN - PPE Srl","og_description":"Il FILTRO PERCOLATORE (o letto percolatore) \u00e8 un reattore biologico a biomassa adesa, in cui il trattamento biologico pu\u00f2 essere sia di tipo anaerobico che aerobico a seconda delle diverse modalit\u00e0 di funzionamento. Normalmente si tratta di una struttura cilindrica all\u2019interno della quale vi \u00e8 un riempimento inerte di materiale plastico, dove il liquame, proveniente dalla fase di sedimentazione primaria e quindi gi\u00e0 chiarificato, viene distribuito e percola nella massa interna. Nei percolatori anaerobici la massa filtrante viene completamente sommersa dal liquame influente; in questo modo si determinano condi-zioni anaerobiche all\u2019interno del reattore e le conseguenti reazioni di degradazione della sostanza organica sono quelle tipiche di un\u2019atmosfera riducente. I riempimenti sono alla rinfusa, in materiale plastico, ottenuti per stampaggio a iniezione. Nei filtri percolatori anaerobici non \u00e8 abitualmente necessario un sedimentatore finale a valle poich\u00e9 la pellicola biologica distaccata dai corpi di riempimento si deposita sul fondo degli stessi e viene degradata anaerobicamente. Sono necessarie periodiche operazioni di spurgo della vasca.","og_url":"https:\/\/www.ppesrl.eu\/-wpress\/product\/cromafil-an\/","og_site_name":"PPE Srl","article_modified_time":"2023-07-11T09:17:42+00:00","og_image":[{"width":300,"height":300,"url":"https:\/\/www.ppesrl.eu\/-wpress\/wp-content\/uploads\/2023\/07\/cromafil-an-fig.jpg","type":"image\/jpeg"}],"twitter_card":"summary_large_image","schema":{"@context":"https:\/\/schema.org","@graph":[{"@type":"WebPage","@id":"https:\/\/www.ppesrl.eu\/-wpress\/product\/cromafil-an\/","url":"https:\/\/www.ppesrl.eu\/-wpress\/product\/cromafil-an\/","name":"CROMAFIL\/AN - PPE Srl","isPartOf":{"@id":"https:\/\/www.ppesrl.eu\/-wpress\/#website"},"primaryImageOfPage":{"@id":"https:\/\/www.ppesrl.eu\/-wpress\/product\/cromafil-an\/#primaryimage"},"image":{"@id":"https:\/\/www.ppesrl.eu\/-wpress\/product\/cromafil-an\/#primaryimage"},"thumbnailUrl":"https:\/\/www.ppesrl.eu\/-wpress\/wp-content\/uploads\/2023\/07\/cromafil-an-fig.jpg","datePublished":"2022-07-28T08:28:41+00:00","dateModified":"2023-07-11T09:17:42+00:00","breadcrumb":{"@id":"https:\/\/www.ppesrl.eu\/-wpress\/product\/cromafil-an\/#breadcrumb"},"inLanguage":"it-IT","potentialAction":[{"@type":"ReadAction","target":["https:\/\/www.ppesrl.eu\/-wpress\/product\/cromafil-an\/"]}]},{"@type":"ImageObject","inLanguage":"it-IT","@id":"https:\/\/www.ppesrl.eu\/-wpress\/product\/cromafil-an\/#primaryimage","url":"https:\/\/www.ppesrl.eu\/-wpress\/wp-content\/uploads\/2023\/07\/cromafil-an-fig.jpg","contentUrl":"https:\/\/www.ppesrl.eu\/-wpress\/wp-content\/uploads\/2023\/07\/cromafil-an-fig.jpg","width":300,"height":300},{"@type":"BreadcrumbList","@id":"https:\/\/www.ppesrl.eu\/-wpress\/product\/cromafil-an\/#breadcrumb","itemListElement":[{"@type":"ListItem","position":1,"name":"Home","item":"https:\/\/www.ppesrl.eu\/-wpress\/"},{"@type":"ListItem","position":2,"name":"Shop","item":"https:\/\/www.ppesrl.eu\/-wpress\/shop-2\/"},{"@type":"ListItem","position":3,"name":"CROMAFIL\/AN"}]},{"@type":"WebSite","@id":"https:\/\/www.ppesrl.eu\/-wpress\/#website","url":"https:\/\/www.ppesrl.eu\/-wpress\/","name":"PPE Srl","description":"Plastic Proget European","potentialAction":[{"@type":"SearchAction","target":{"@type":"EntryPoint","urlTemplate":"https:\/\/www.ppesrl.eu\/-wpress\/?s={search_term_string}"},"query-input":{"@type":"PropertyValueSpecification","valueRequired":true,"valueName":"search_term_string"}}],"inLanguage":"it-IT"}]}},"_links":{"self":[{"href":"https:\/\/www.ppesrl.eu\/-wpress\/wp-json\/wp\/v2\/product\/5174","targetHints":{"allow":["GET"]}}],"collection":[{"href":"https:\/\/www.ppesrl.eu\/-wpress\/wp-json\/wp\/v2\/product"}],"about":[{"href":"https:\/\/www.ppesrl.eu\/-wpress\/wp-json\/wp\/v2\/types\/product"}],"wp:featuredmedia":[{"embeddable":true,"href":"https:\/\/www.ppesrl.eu\/-wpress\/wp-json\/wp\/v2\/media\/80741"}],"wp:attachment":[{"href":"https:\/\/www.ppesrl.eu\/-wpress\/wp-json\/wp\/v2\/media?parent=5174"}],"wp:term":[{"taxonomy":"product_brand","embeddable":true,"href":"https:\/\/www.ppesrl.eu\/-wpress\/wp-json\/wp\/v2\/product_brand?post=5174"},{"taxonomy":"product_cat","embeddable":true,"href":"https:\/\/www.ppesrl.eu\/-wpress\/wp-json\/wp\/v2\/product_cat?post=5174"},{"taxonomy":"product_tag","embeddable":true,"href":"https:\/\/www.ppesrl.eu\/-wpress\/wp-json\/wp\/v2\/product_tag?post=5174"}],"curies":[{"name":"wp","href":"https:\/\/api.w.org\/{rel}","templated":true}]}}