{"id":5175,"date":"2022-07-28T10:28:43","date_gmt":"2022-07-28T08:28:43","guid":{"rendered":"https:\/\/www.ppesrl.eu\/-wpress\/product\/cromafil-an-e\/"},"modified":"2023-07-11T11:17:46","modified_gmt":"2023-07-11T09:17:46","slug":"cromafil-an-e","status":"publish","type":"product","link":"https:\/\/www.ppesrl.eu\/-wpress\/product\/cromafil-an-e\/","title":{"rendered":"CROMAFIL\/AN-E"},"content":{"rendered":"<p><img loading=\"lazy\" decoding=\"async\" class=\"alignnone size-full wp-image-79390\" src=\"https:\/\/www.ppesrl.eu\/-wp\/wp-content\/uploads\/2022\/07\/cromafil-an-e-sch.jpg\" alt=\"\" width=\"1608\" height=\"724\" srcset=\"https:\/\/www.ppesrl.eu\/-wpress\/wp-content\/uploads\/2022\/07\/cromafil-an-e-sch.jpg 1608w, https:\/\/www.ppesrl.eu\/-wpress\/wp-content\/uploads\/2022\/07\/cromafil-an-e-sch-300x135.jpg 300w, https:\/\/www.ppesrl.eu\/-wpress\/wp-content\/uploads\/2022\/07\/cromafil-an-e-sch-1024x461.jpg 1024w, https:\/\/www.ppesrl.eu\/-wpress\/wp-content\/uploads\/2022\/07\/cromafil-an-e-sch-768x346.jpg 768w, https:\/\/www.ppesrl.eu\/-wpress\/wp-content\/uploads\/2022\/07\/cromafil-an-e-sch-1536x692.jpg 1536w, https:\/\/www.ppesrl.eu\/-wpress\/wp-content\/uploads\/2022\/07\/cromafil-an-e-sch-600x270.jpg 600w\" sizes=\"auto, (max-width: 1608px) 100vw, 1608px\" \/><\/p>\n<p><img loading=\"lazy\" decoding=\"async\" class=\"alignnone size-full wp-image-79391\" src=\"https:\/\/www.ppesrl.eu\/-wp\/wp-content\/uploads\/2022\/07\/cromafil-an-e-tab.jpg\" alt=\"\" width=\"2072\" height=\"692\" srcset=\"https:\/\/www.ppesrl.eu\/-wpress\/wp-content\/uploads\/2022\/07\/cromafil-an-e-tab.jpg 2072w, https:\/\/www.ppesrl.eu\/-wpress\/wp-content\/uploads\/2022\/07\/cromafil-an-e-tab-300x100.jpg 300w, https:\/\/www.ppesrl.eu\/-wpress\/wp-content\/uploads\/2022\/07\/cromafil-an-e-tab-1024x342.jpg 1024w, https:\/\/www.ppesrl.eu\/-wpress\/wp-content\/uploads\/2022\/07\/cromafil-an-e-tab-768x256.jpg 768w, https:\/\/www.ppesrl.eu\/-wpress\/wp-content\/uploads\/2022\/07\/cromafil-an-e-tab-1536x513.jpg 1536w, https:\/\/www.ppesrl.eu\/-wpress\/wp-content\/uploads\/2022\/07\/cromafil-an-e-tab-2048x684.jpg 2048w, https:\/\/www.ppesrl.eu\/-wpress\/wp-content\/uploads\/2022\/07\/cromafil-an-e-tab-600x200.jpg 600w\" sizes=\"auto, (max-width: 2072px) 100vw, 2072px\" \/><\/p>\n","protected":false},"excerpt":{"rendered":"<p>Il FILTRO PERCOLATORE (o letto percolatore) \u00e8 un reattore biologico a biomassa adesa, in cui il trattamento biologico pu\u00f2 essere sia di tipo anaerobico che aerobico a seconda delle diverse modalit\u00e0 di funzionamento. Normalmente si tratta di una struttura cilindrica all\u2019interno della quale vi \u00e8 un riempimento inerte di materiale plastico, dove il li-quame, proveniente dalla fase di sedimentazione primaria e quindi gi\u00e0 chiarificato, viene distribuito e percola nella massa interna. Nei percolatori anaerobici la massa filtrante viene completamente sommersa dal liquame influente; in questo modo si determinano condizioni ana-erobiche all\u2019interno del reattore e le conseguenti reazioni di degrada-zione della sostanza organica sono quelle tipiche di un\u2019atmosfera riducente.<br \/>\nI riempimenti sono alla rinfusa, in materiale plastico, ottenuti per stampaggio a iniezione. Nei filtri percolatori anaerobici non \u00e8 abitualmente necessario un sedimentatore finale a valle poich\u00e9 la pellicola biologica distaccata dai corpi di riempimento si deposita sul fondo degli stessi e viene degradata anaerobicamente. Sono necessarie periodiche operazioni di spurgo della vasca.<\/p>\n","protected":false},"featured_media":80744,"template":"","meta":[],"product_brand":[],"product_cat":[517,432,459,415],"product_tag":[],"class_list":{"0":"post-5175","1":"product","2":"type-product","3":"status-publish","4":"has-post-thumbnail","6":"product_cat-prodotti-trattamento-acque-reflue","7":"product_cat-filtro-percolatore-anaerobico","8":"product_cat-trattamento-secondario","9":"product_cat-trattamento-acque-reflue","11":"first","12":"instock","13":"shipping-taxable","14":"product-type-simple"},"yoast_head":"<!-- This site is optimized with the Yoast SEO plugin v24.5 - https:\/\/yoast.com\/wordpress\/plugins\/seo\/ -->\n<title>CROMAFIL\/AN-E - PPE Srl<\/title>\n<meta name=\"robots\" content=\"index, follow, max-snippet:-1, max-image-preview:large, max-video-preview:-1\" \/>\n<link rel=\"canonical\" href=\"https:\/\/www.ppesrl.eu\/-wpress\/product\/cromafil-an-e\/\" \/>\n<meta property=\"og:locale\" content=\"it_IT\" \/>\n<meta property=\"og:type\" content=\"article\" \/>\n<meta property=\"og:title\" content=\"CROMAFIL\/AN-E - PPE Srl\" \/>\n<meta property=\"og:description\" content=\"Il FILTRO PERCOLATORE (o letto percolatore) \u00e8 un reattore biologico a biomassa adesa, in cui il trattamento biologico pu\u00f2 essere sia di tipo anaerobico che aerobico a seconda delle diverse modalit\u00e0 di funzionamento. Normalmente si tratta di una struttura cilindrica all\u2019interno della quale vi \u00e8 un riempimento inerte di materiale plastico, dove il li-quame, proveniente dalla fase di sedimentazione primaria e quindi gi\u00e0 chiarificato, viene distribuito e percola nella massa interna. Nei percolatori anaerobici la massa filtrante viene completamente sommersa dal liquame influente; in questo modo si determinano condizioni ana-erobiche all\u2019interno del reattore e le conseguenti reazioni di degrada-zione della sostanza organica sono quelle tipiche di un\u2019atmosfera riducente. I riempimenti sono alla rinfusa, in materiale plastico, ottenuti per stampaggio a iniezione. Nei filtri percolatori anaerobici non \u00e8 abitualmente necessario un sedimentatore finale a valle poich\u00e9 la pellicola biologica distaccata dai corpi di riempimento si deposita sul fondo degli stessi e viene degradata anaerobicamente. Sono necessarie periodiche operazioni di spurgo della vasca.\" \/>\n<meta property=\"og:url\" content=\"https:\/\/www.ppesrl.eu\/-wpress\/product\/cromafil-an-e\/\" \/>\n<meta property=\"og:site_name\" content=\"PPE Srl\" \/>\n<meta property=\"article:modified_time\" content=\"2023-07-11T09:17:46+00:00\" \/>\n<meta property=\"og:image\" content=\"https:\/\/www.ppesrl.eu\/-wpress\/wp-content\/uploads\/2023\/07\/cromafil-an-e-fig.jpg\" \/>\n\t<meta property=\"og:image:width\" content=\"300\" \/>\n\t<meta property=\"og:image:height\" content=\"300\" \/>\n\t<meta property=\"og:image:type\" content=\"image\/jpeg\" \/>\n<meta name=\"twitter:card\" content=\"summary_large_image\" \/>\n<script type=\"application\/ld+json\" class=\"yoast-schema-graph\">{\"@context\":\"https:\/\/schema.org\",\"@graph\":[{\"@type\":\"WebPage\",\"@id\":\"https:\/\/www.ppesrl.eu\/-wpress\/product\/cromafil-an-e\/\",\"url\":\"https:\/\/www.ppesrl.eu\/-wpress\/product\/cromafil-an-e\/\",\"name\":\"CROMAFIL\/AN-E - PPE Srl\",\"isPartOf\":{\"@id\":\"https:\/\/www.ppesrl.eu\/-wpress\/#website\"},\"primaryImageOfPage\":{\"@id\":\"https:\/\/www.ppesrl.eu\/-wpress\/product\/cromafil-an-e\/#primaryimage\"},\"image\":{\"@id\":\"https:\/\/www.ppesrl.eu\/-wpress\/product\/cromafil-an-e\/#primaryimage\"},\"thumbnailUrl\":\"https:\/\/www.ppesrl.eu\/-wpress\/wp-content\/uploads\/2023\/07\/cromafil-an-e-fig.jpg\",\"datePublished\":\"2022-07-28T08:28:43+00:00\",\"dateModified\":\"2023-07-11T09:17:46+00:00\",\"breadcrumb\":{\"@id\":\"https:\/\/www.ppesrl.eu\/-wpress\/product\/cromafil-an-e\/#breadcrumb\"},\"inLanguage\":\"it-IT\",\"potentialAction\":[{\"@type\":\"ReadAction\",\"target\":[\"https:\/\/www.ppesrl.eu\/-wpress\/product\/cromafil-an-e\/\"]}]},{\"@type\":\"ImageObject\",\"inLanguage\":\"it-IT\",\"@id\":\"https:\/\/www.ppesrl.eu\/-wpress\/product\/cromafil-an-e\/#primaryimage\",\"url\":\"https:\/\/www.ppesrl.eu\/-wpress\/wp-content\/uploads\/2023\/07\/cromafil-an-e-fig.jpg\",\"contentUrl\":\"https:\/\/www.ppesrl.eu\/-wpress\/wp-content\/uploads\/2023\/07\/cromafil-an-e-fig.jpg\",\"width\":300,\"height\":300},{\"@type\":\"BreadcrumbList\",\"@id\":\"https:\/\/www.ppesrl.eu\/-wpress\/product\/cromafil-an-e\/#breadcrumb\",\"itemListElement\":[{\"@type\":\"ListItem\",\"position\":1,\"name\":\"Home\",\"item\":\"https:\/\/www.ppesrl.eu\/-wpress\/\"},{\"@type\":\"ListItem\",\"position\":2,\"name\":\"Shop\",\"item\":\"https:\/\/www.ppesrl.eu\/-wpress\/shop-2\/\"},{\"@type\":\"ListItem\",\"position\":3,\"name\":\"CROMAFIL\/AN-E\"}]},{\"@type\":\"WebSite\",\"@id\":\"https:\/\/www.ppesrl.eu\/-wpress\/#website\",\"url\":\"https:\/\/www.ppesrl.eu\/-wpress\/\",\"name\":\"PPE Srl\",\"description\":\"Plastic Proget European\",\"potentialAction\":[{\"@type\":\"SearchAction\",\"target\":{\"@type\":\"EntryPoint\",\"urlTemplate\":\"https:\/\/www.ppesrl.eu\/-wpress\/?s={search_term_string}\"},\"query-input\":{\"@type\":\"PropertyValueSpecification\",\"valueRequired\":true,\"valueName\":\"search_term_string\"}}],\"inLanguage\":\"it-IT\"}]}<\/script>\n<!-- \/ Yoast SEO plugin. -->","yoast_head_json":{"title":"CROMAFIL\/AN-E - PPE Srl","robots":{"index":"index","follow":"follow","max-snippet":"max-snippet:-1","max-image-preview":"max-image-preview:large","max-video-preview":"max-video-preview:-1"},"canonical":"https:\/\/www.ppesrl.eu\/-wpress\/product\/cromafil-an-e\/","og_locale":"it_IT","og_type":"article","og_title":"CROMAFIL\/AN-E - PPE Srl","og_description":"Il FILTRO PERCOLATORE (o letto percolatore) \u00e8 un reattore biologico a biomassa adesa, in cui il trattamento biologico pu\u00f2 essere sia di tipo anaerobico che aerobico a seconda delle diverse modalit\u00e0 di funzionamento. Normalmente si tratta di una struttura cilindrica all\u2019interno della quale vi \u00e8 un riempimento inerte di materiale plastico, dove il li-quame, proveniente dalla fase di sedimentazione primaria e quindi gi\u00e0 chiarificato, viene distribuito e percola nella massa interna. Nei percolatori anaerobici la massa filtrante viene completamente sommersa dal liquame influente; in questo modo si determinano condizioni ana-erobiche all\u2019interno del reattore e le conseguenti reazioni di degrada-zione della sostanza organica sono quelle tipiche di un\u2019atmosfera riducente. I riempimenti sono alla rinfusa, in materiale plastico, ottenuti per stampaggio a iniezione. Nei filtri percolatori anaerobici non \u00e8 abitualmente necessario un sedimentatore finale a valle poich\u00e9 la pellicola biologica distaccata dai corpi di riempimento si deposita sul fondo degli stessi e viene degradata anaerobicamente. Sono necessarie periodiche operazioni di spurgo della vasca.","og_url":"https:\/\/www.ppesrl.eu\/-wpress\/product\/cromafil-an-e\/","og_site_name":"PPE Srl","article_modified_time":"2023-07-11T09:17:46+00:00","og_image":[{"width":300,"height":300,"url":"https:\/\/www.ppesrl.eu\/-wpress\/wp-content\/uploads\/2023\/07\/cromafil-an-e-fig.jpg","type":"image\/jpeg"}],"twitter_card":"summary_large_image","schema":{"@context":"https:\/\/schema.org","@graph":[{"@type":"WebPage","@id":"https:\/\/www.ppesrl.eu\/-wpress\/product\/cromafil-an-e\/","url":"https:\/\/www.ppesrl.eu\/-wpress\/product\/cromafil-an-e\/","name":"CROMAFIL\/AN-E - PPE Srl","isPartOf":{"@id":"https:\/\/www.ppesrl.eu\/-wpress\/#website"},"primaryImageOfPage":{"@id":"https:\/\/www.ppesrl.eu\/-wpress\/product\/cromafil-an-e\/#primaryimage"},"image":{"@id":"https:\/\/www.ppesrl.eu\/-wpress\/product\/cromafil-an-e\/#primaryimage"},"thumbnailUrl":"https:\/\/www.ppesrl.eu\/-wpress\/wp-content\/uploads\/2023\/07\/cromafil-an-e-fig.jpg","datePublished":"2022-07-28T08:28:43+00:00","dateModified":"2023-07-11T09:17:46+00:00","breadcrumb":{"@id":"https:\/\/www.ppesrl.eu\/-wpress\/product\/cromafil-an-e\/#breadcrumb"},"inLanguage":"it-IT","potentialAction":[{"@type":"ReadAction","target":["https:\/\/www.ppesrl.eu\/-wpress\/product\/cromafil-an-e\/"]}]},{"@type":"ImageObject","inLanguage":"it-IT","@id":"https:\/\/www.ppesrl.eu\/-wpress\/product\/cromafil-an-e\/#primaryimage","url":"https:\/\/www.ppesrl.eu\/-wpress\/wp-content\/uploads\/2023\/07\/cromafil-an-e-fig.jpg","contentUrl":"https:\/\/www.ppesrl.eu\/-wpress\/wp-content\/uploads\/2023\/07\/cromafil-an-e-fig.jpg","width":300,"height":300},{"@type":"BreadcrumbList","@id":"https:\/\/www.ppesrl.eu\/-wpress\/product\/cromafil-an-e\/#breadcrumb","itemListElement":[{"@type":"ListItem","position":1,"name":"Home","item":"https:\/\/www.ppesrl.eu\/-wpress\/"},{"@type":"ListItem","position":2,"name":"Shop","item":"https:\/\/www.ppesrl.eu\/-wpress\/shop-2\/"},{"@type":"ListItem","position":3,"name":"CROMAFIL\/AN-E"}]},{"@type":"WebSite","@id":"https:\/\/www.ppesrl.eu\/-wpress\/#website","url":"https:\/\/www.ppesrl.eu\/-wpress\/","name":"PPE Srl","description":"Plastic Proget European","potentialAction":[{"@type":"SearchAction","target":{"@type":"EntryPoint","urlTemplate":"https:\/\/www.ppesrl.eu\/-wpress\/?s={search_term_string}"},"query-input":{"@type":"PropertyValueSpecification","valueRequired":true,"valueName":"search_term_string"}}],"inLanguage":"it-IT"}]}},"_links":{"self":[{"href":"https:\/\/www.ppesrl.eu\/-wpress\/wp-json\/wp\/v2\/product\/5175","targetHints":{"allow":["GET"]}}],"collection":[{"href":"https:\/\/www.ppesrl.eu\/-wpress\/wp-json\/wp\/v2\/product"}],"about":[{"href":"https:\/\/www.ppesrl.eu\/-wpress\/wp-json\/wp\/v2\/types\/product"}],"wp:featuredmedia":[{"embeddable":true,"href":"https:\/\/www.ppesrl.eu\/-wpress\/wp-json\/wp\/v2\/media\/80744"}],"wp:attachment":[{"href":"https:\/\/www.ppesrl.eu\/-wpress\/wp-json\/wp\/v2\/media?parent=5175"}],"wp:term":[{"taxonomy":"product_brand","embeddable":true,"href":"https:\/\/www.ppesrl.eu\/-wpress\/wp-json\/wp\/v2\/product_brand?post=5175"},{"taxonomy":"product_cat","embeddable":true,"href":"https:\/\/www.ppesrl.eu\/-wpress\/wp-json\/wp\/v2\/product_cat?post=5175"},{"taxonomy":"product_tag","embeddable":true,"href":"https:\/\/www.ppesrl.eu\/-wpress\/wp-json\/wp\/v2\/product_tag?post=5175"}],"curies":[{"name":"wp","href":"https:\/\/api.w.org\/{rel}","templated":true}]}}