{"id":5178,"date":"2022-07-28T10:28:44","date_gmt":"2022-07-28T08:28:44","guid":{"rendered":"https:\/\/www.ppesrl.eu\/-wpress\/product\/superstars-fil-an-ex\/"},"modified":"2023-07-11T11:17:58","modified_gmt":"2023-07-11T09:17:58","slug":"superstars-fil-an-ex-emilia-romagna","status":"publish","type":"product","link":"https:\/\/www.ppesrl.eu\/-wpress\/product\/superstars-fil-an-ex-emilia-romagna\/","title":{"rendered":"SUPERSTARS FIL-AN-EX EMILIA ROMAGNA"},"content":{"rendered":"<p><img loading=\"lazy\" decoding=\"async\" class=\"alignnone size-full wp-image-79411\" src=\"https:\/\/www.ppesrl.eu\/-wp\/wp-content\/uploads\/2022\/07\/superstars-fil-an-ex-emilia-romagna-sch.jpg\" alt=\"\" width=\"1656\" height=\"760\" srcset=\"https:\/\/www.ppesrl.eu\/-wpress\/wp-content\/uploads\/2022\/07\/superstars-fil-an-ex-emilia-romagna-sch.jpg 1656w, https:\/\/www.ppesrl.eu\/-wpress\/wp-content\/uploads\/2022\/07\/superstars-fil-an-ex-emilia-romagna-sch-300x138.jpg 300w, https:\/\/www.ppesrl.eu\/-wpress\/wp-content\/uploads\/2022\/07\/superstars-fil-an-ex-emilia-romagna-sch-1024x470.jpg 1024w, https:\/\/www.ppesrl.eu\/-wpress\/wp-content\/uploads\/2022\/07\/superstars-fil-an-ex-emilia-romagna-sch-768x352.jpg 768w, https:\/\/www.ppesrl.eu\/-wpress\/wp-content\/uploads\/2022\/07\/superstars-fil-an-ex-emilia-romagna-sch-1536x705.jpg 1536w, https:\/\/www.ppesrl.eu\/-wpress\/wp-content\/uploads\/2022\/07\/superstars-fil-an-ex-emilia-romagna-sch-600x275.jpg 600w\" sizes=\"auto, (max-width: 1656px) 100vw, 1656px\" \/><\/p>\n<p><img loading=\"lazy\" decoding=\"async\" class=\"alignnone size-full wp-image-79412\" src=\"https:\/\/www.ppesrl.eu\/-wp\/wp-content\/uploads\/2022\/07\/superstars-fil-an-ex-emilia-romagna-tab.jpg\" alt=\"\" width=\"2060\" height=\"752\" srcset=\"https:\/\/www.ppesrl.eu\/-wpress\/wp-content\/uploads\/2022\/07\/superstars-fil-an-ex-emilia-romagna-tab.jpg 2060w, https:\/\/www.ppesrl.eu\/-wpress\/wp-content\/uploads\/2022\/07\/superstars-fil-an-ex-emilia-romagna-tab-300x110.jpg 300w, https:\/\/www.ppesrl.eu\/-wpress\/wp-content\/uploads\/2022\/07\/superstars-fil-an-ex-emilia-romagna-tab-1024x374.jpg 1024w, https:\/\/www.ppesrl.eu\/-wpress\/wp-content\/uploads\/2022\/07\/superstars-fil-an-ex-emilia-romagna-tab-768x280.jpg 768w, https:\/\/www.ppesrl.eu\/-wpress\/wp-content\/uploads\/2022\/07\/superstars-fil-an-ex-emilia-romagna-tab-1536x561.jpg 1536w, https:\/\/www.ppesrl.eu\/-wpress\/wp-content\/uploads\/2022\/07\/superstars-fil-an-ex-emilia-romagna-tab-2048x748.jpg 2048w, https:\/\/www.ppesrl.eu\/-wpress\/wp-content\/uploads\/2022\/07\/superstars-fil-an-ex-emilia-romagna-tab-600x219.jpg 600w\" sizes=\"auto, (max-width: 2060px) 100vw, 2060px\" \/><\/p>\n","protected":false},"excerpt":{"rendered":"<p>Il FILTRO PERCOLATORE (o letto percolatore) \u00e8 un reattore biologico a biomassa adesa, in cui il trattamento biologico pu\u00f2 essere sia di tipo anaerobico che aerobico a seconda delle diverse modalit\u00e0 di funzionamento. Normalmente si tratta di una struttura cilindrica all\u2019interno della quale vi \u00e8 un riempimento inerte di materiale plastico, dove il liquame, proveniente dalla fase di sedimentazione primaria e quindi gi\u00e0 chiarificato, viene distribuito e percola nella massa interna. Nei percolatori anaerobici la massa filtrante viene completamente sommersa dal liqua-me influente; in questo modo si determinano condizioni anaerobiche all\u2019interno del reattore e le conseguenti reazioni di degradazione della sostanza organica sono quelle tipiche di un\u2019atmosfera riducente. I riempimenti sono alla rinfusa, in materiale plastico, ottenuti per stampaggio a iniezione. Nei filtri percolatori anaerobici non \u00e8 abitualmente necessario un sedimentatore finale a valle poich\u00e9 la pellicola biologica distaccata dai corpi di riempimento si deposita sul fondo degli stessi e viene degradata anaerobicamente. Sono necessarie periodiche operazioni di spurgo della vasca.<\/p>\n","protected":false},"featured_media":80753,"template":"","meta":[],"product_brand":[],"product_cat":[517,467,468,432,459,415],"product_tag":[],"class_list":{"0":"post-5178","1":"product","2":"type-product","3":"status-publish","4":"has-post-thumbnail","6":"product_cat-prodotti-trattamento-acque-reflue","7":"product_cat-realizzazioni-regionali","8":"product_cat-emilia-romagna","9":"product_cat-filtro-percolatore-anaerobico","10":"product_cat-trattamento-secondario","11":"product_cat-trattamento-acque-reflue","13":"first","14":"instock","15":"shipping-taxable","16":"product-type-simple"},"yoast_head":"<!-- This site is optimized with the Yoast SEO plugin v24.5 - https:\/\/yoast.com\/wordpress\/plugins\/seo\/ -->\n<title>SUPERSTARS FIL-AN-EX EMILIA ROMAGNA - PPE Srl<\/title>\n<meta name=\"robots\" content=\"index, follow, max-snippet:-1, max-image-preview:large, max-video-preview:-1\" \/>\n<link rel=\"canonical\" href=\"https:\/\/www.ppesrl.eu\/-wpress\/product\/superstars-fil-an-ex-emilia-romagna\/\" \/>\n<meta property=\"og:locale\" content=\"it_IT\" \/>\n<meta property=\"og:type\" content=\"article\" \/>\n<meta property=\"og:title\" content=\"SUPERSTARS FIL-AN-EX EMILIA ROMAGNA - PPE Srl\" \/>\n<meta property=\"og:description\" content=\"Il FILTRO PERCOLATORE (o letto percolatore) \u00e8 un reattore biologico a biomassa adesa, in cui il trattamento biologico pu\u00f2 essere sia di tipo anaerobico che aerobico a seconda delle diverse modalit\u00e0 di funzionamento. Normalmente si tratta di una struttura cilindrica all\u2019interno della quale vi \u00e8 un riempimento inerte di materiale plastico, dove il liquame, proveniente dalla fase di sedimentazione primaria e quindi gi\u00e0 chiarificato, viene distribuito e percola nella massa interna. Nei percolatori anaerobici la massa filtrante viene completamente sommersa dal liqua-me influente; in questo modo si determinano condizioni anaerobiche all\u2019interno del reattore e le conseguenti reazioni di degradazione della sostanza organica sono quelle tipiche di un\u2019atmosfera riducente. I riempimenti sono alla rinfusa, in materiale plastico, ottenuti per stampaggio a iniezione. Nei filtri percolatori anaerobici non \u00e8 abitualmente necessario un sedimentatore finale a valle poich\u00e9 la pellicola biologica distaccata dai corpi di riempimento si deposita sul fondo degli stessi e viene degradata anaerobicamente. Sono necessarie periodiche operazioni di spurgo della vasca.\" \/>\n<meta property=\"og:url\" content=\"https:\/\/www.ppesrl.eu\/-wpress\/product\/superstars-fil-an-ex-emilia-romagna\/\" \/>\n<meta property=\"og:site_name\" content=\"PPE Srl\" \/>\n<meta property=\"article:modified_time\" content=\"2023-07-11T09:17:58+00:00\" \/>\n<meta property=\"og:image\" content=\"https:\/\/www.ppesrl.eu\/-wpress\/wp-content\/uploads\/2023\/07\/superstars-fil-an-ex-emilia-romagna-fig.jpg\" \/>\n\t<meta property=\"og:image:width\" content=\"300\" \/>\n\t<meta property=\"og:image:height\" content=\"300\" \/>\n\t<meta property=\"og:image:type\" content=\"image\/jpeg\" \/>\n<meta name=\"twitter:card\" content=\"summary_large_image\" \/>\n<script type=\"application\/ld+json\" class=\"yoast-schema-graph\">{\"@context\":\"https:\/\/schema.org\",\"@graph\":[{\"@type\":\"WebPage\",\"@id\":\"https:\/\/www.ppesrl.eu\/-wpress\/product\/superstars-fil-an-ex-emilia-romagna\/\",\"url\":\"https:\/\/www.ppesrl.eu\/-wpress\/product\/superstars-fil-an-ex-emilia-romagna\/\",\"name\":\"SUPERSTARS FIL-AN-EX EMILIA ROMAGNA - PPE Srl\",\"isPartOf\":{\"@id\":\"https:\/\/www.ppesrl.eu\/-wpress\/#website\"},\"primaryImageOfPage\":{\"@id\":\"https:\/\/www.ppesrl.eu\/-wpress\/product\/superstars-fil-an-ex-emilia-romagna\/#primaryimage\"},\"image\":{\"@id\":\"https:\/\/www.ppesrl.eu\/-wpress\/product\/superstars-fil-an-ex-emilia-romagna\/#primaryimage\"},\"thumbnailUrl\":\"https:\/\/www.ppesrl.eu\/-wpress\/wp-content\/uploads\/2023\/07\/superstars-fil-an-ex-emilia-romagna-fig.jpg\",\"datePublished\":\"2022-07-28T08:28:44+00:00\",\"dateModified\":\"2023-07-11T09:17:58+00:00\",\"breadcrumb\":{\"@id\":\"https:\/\/www.ppesrl.eu\/-wpress\/product\/superstars-fil-an-ex-emilia-romagna\/#breadcrumb\"},\"inLanguage\":\"it-IT\",\"potentialAction\":[{\"@type\":\"ReadAction\",\"target\":[\"https:\/\/www.ppesrl.eu\/-wpress\/product\/superstars-fil-an-ex-emilia-romagna\/\"]}]},{\"@type\":\"ImageObject\",\"inLanguage\":\"it-IT\",\"@id\":\"https:\/\/www.ppesrl.eu\/-wpress\/product\/superstars-fil-an-ex-emilia-romagna\/#primaryimage\",\"url\":\"https:\/\/www.ppesrl.eu\/-wpress\/wp-content\/uploads\/2023\/07\/superstars-fil-an-ex-emilia-romagna-fig.jpg\",\"contentUrl\":\"https:\/\/www.ppesrl.eu\/-wpress\/wp-content\/uploads\/2023\/07\/superstars-fil-an-ex-emilia-romagna-fig.jpg\",\"width\":300,\"height\":300},{\"@type\":\"BreadcrumbList\",\"@id\":\"https:\/\/www.ppesrl.eu\/-wpress\/product\/superstars-fil-an-ex-emilia-romagna\/#breadcrumb\",\"itemListElement\":[{\"@type\":\"ListItem\",\"position\":1,\"name\":\"Home\",\"item\":\"https:\/\/www.ppesrl.eu\/-wpress\/\"},{\"@type\":\"ListItem\",\"position\":2,\"name\":\"Shop\",\"item\":\"https:\/\/www.ppesrl.eu\/-wpress\/shop-2\/\"},{\"@type\":\"ListItem\",\"position\":3,\"name\":\"SUPERSTARS FIL-AN-EX EMILIA ROMAGNA\"}]},{\"@type\":\"WebSite\",\"@id\":\"https:\/\/www.ppesrl.eu\/-wpress\/#website\",\"url\":\"https:\/\/www.ppesrl.eu\/-wpress\/\",\"name\":\"PPE Srl\",\"description\":\"Plastic Proget European\",\"potentialAction\":[{\"@type\":\"SearchAction\",\"target\":{\"@type\":\"EntryPoint\",\"urlTemplate\":\"https:\/\/www.ppesrl.eu\/-wpress\/?s={search_term_string}\"},\"query-input\":{\"@type\":\"PropertyValueSpecification\",\"valueRequired\":true,\"valueName\":\"search_term_string\"}}],\"inLanguage\":\"it-IT\"}]}<\/script>\n<!-- \/ Yoast SEO plugin. -->","yoast_head_json":{"title":"SUPERSTARS FIL-AN-EX EMILIA ROMAGNA - PPE Srl","robots":{"index":"index","follow":"follow","max-snippet":"max-snippet:-1","max-image-preview":"max-image-preview:large","max-video-preview":"max-video-preview:-1"},"canonical":"https:\/\/www.ppesrl.eu\/-wpress\/product\/superstars-fil-an-ex-emilia-romagna\/","og_locale":"it_IT","og_type":"article","og_title":"SUPERSTARS FIL-AN-EX EMILIA ROMAGNA - PPE Srl","og_description":"Il FILTRO PERCOLATORE (o letto percolatore) \u00e8 un reattore biologico a biomassa adesa, in cui il trattamento biologico pu\u00f2 essere sia di tipo anaerobico che aerobico a seconda delle diverse modalit\u00e0 di funzionamento. Normalmente si tratta di una struttura cilindrica all\u2019interno della quale vi \u00e8 un riempimento inerte di materiale plastico, dove il liquame, proveniente dalla fase di sedimentazione primaria e quindi gi\u00e0 chiarificato, viene distribuito e percola nella massa interna. Nei percolatori anaerobici la massa filtrante viene completamente sommersa dal liqua-me influente; in questo modo si determinano condizioni anaerobiche all\u2019interno del reattore e le conseguenti reazioni di degradazione della sostanza organica sono quelle tipiche di un\u2019atmosfera riducente. I riempimenti sono alla rinfusa, in materiale plastico, ottenuti per stampaggio a iniezione. Nei filtri percolatori anaerobici non \u00e8 abitualmente necessario un sedimentatore finale a valle poich\u00e9 la pellicola biologica distaccata dai corpi di riempimento si deposita sul fondo degli stessi e viene degradata anaerobicamente. Sono necessarie periodiche operazioni di spurgo della vasca.","og_url":"https:\/\/www.ppesrl.eu\/-wpress\/product\/superstars-fil-an-ex-emilia-romagna\/","og_site_name":"PPE Srl","article_modified_time":"2023-07-11T09:17:58+00:00","og_image":[{"width":300,"height":300,"url":"https:\/\/www.ppesrl.eu\/-wpress\/wp-content\/uploads\/2023\/07\/superstars-fil-an-ex-emilia-romagna-fig.jpg","type":"image\/jpeg"}],"twitter_card":"summary_large_image","schema":{"@context":"https:\/\/schema.org","@graph":[{"@type":"WebPage","@id":"https:\/\/www.ppesrl.eu\/-wpress\/product\/superstars-fil-an-ex-emilia-romagna\/","url":"https:\/\/www.ppesrl.eu\/-wpress\/product\/superstars-fil-an-ex-emilia-romagna\/","name":"SUPERSTARS FIL-AN-EX EMILIA ROMAGNA - PPE Srl","isPartOf":{"@id":"https:\/\/www.ppesrl.eu\/-wpress\/#website"},"primaryImageOfPage":{"@id":"https:\/\/www.ppesrl.eu\/-wpress\/product\/superstars-fil-an-ex-emilia-romagna\/#primaryimage"},"image":{"@id":"https:\/\/www.ppesrl.eu\/-wpress\/product\/superstars-fil-an-ex-emilia-romagna\/#primaryimage"},"thumbnailUrl":"https:\/\/www.ppesrl.eu\/-wpress\/wp-content\/uploads\/2023\/07\/superstars-fil-an-ex-emilia-romagna-fig.jpg","datePublished":"2022-07-28T08:28:44+00:00","dateModified":"2023-07-11T09:17:58+00:00","breadcrumb":{"@id":"https:\/\/www.ppesrl.eu\/-wpress\/product\/superstars-fil-an-ex-emilia-romagna\/#breadcrumb"},"inLanguage":"it-IT","potentialAction":[{"@type":"ReadAction","target":["https:\/\/www.ppesrl.eu\/-wpress\/product\/superstars-fil-an-ex-emilia-romagna\/"]}]},{"@type":"ImageObject","inLanguage":"it-IT","@id":"https:\/\/www.ppesrl.eu\/-wpress\/product\/superstars-fil-an-ex-emilia-romagna\/#primaryimage","url":"https:\/\/www.ppesrl.eu\/-wpress\/wp-content\/uploads\/2023\/07\/superstars-fil-an-ex-emilia-romagna-fig.jpg","contentUrl":"https:\/\/www.ppesrl.eu\/-wpress\/wp-content\/uploads\/2023\/07\/superstars-fil-an-ex-emilia-romagna-fig.jpg","width":300,"height":300},{"@type":"BreadcrumbList","@id":"https:\/\/www.ppesrl.eu\/-wpress\/product\/superstars-fil-an-ex-emilia-romagna\/#breadcrumb","itemListElement":[{"@type":"ListItem","position":1,"name":"Home","item":"https:\/\/www.ppesrl.eu\/-wpress\/"},{"@type":"ListItem","position":2,"name":"Shop","item":"https:\/\/www.ppesrl.eu\/-wpress\/shop-2\/"},{"@type":"ListItem","position":3,"name":"SUPERSTARS FIL-AN-EX EMILIA ROMAGNA"}]},{"@type":"WebSite","@id":"https:\/\/www.ppesrl.eu\/-wpress\/#website","url":"https:\/\/www.ppesrl.eu\/-wpress\/","name":"PPE Srl","description":"Plastic Proget European","potentialAction":[{"@type":"SearchAction","target":{"@type":"EntryPoint","urlTemplate":"https:\/\/www.ppesrl.eu\/-wpress\/?s={search_term_string}"},"query-input":{"@type":"PropertyValueSpecification","valueRequired":true,"valueName":"search_term_string"}}],"inLanguage":"it-IT"}]}},"_links":{"self":[{"href":"https:\/\/www.ppesrl.eu\/-wpress\/wp-json\/wp\/v2\/product\/5178","targetHints":{"allow":["GET"]}}],"collection":[{"href":"https:\/\/www.ppesrl.eu\/-wpress\/wp-json\/wp\/v2\/product"}],"about":[{"href":"https:\/\/www.ppesrl.eu\/-wpress\/wp-json\/wp\/v2\/types\/product"}],"wp:featuredmedia":[{"embeddable":true,"href":"https:\/\/www.ppesrl.eu\/-wpress\/wp-json\/wp\/v2\/media\/80753"}],"wp:attachment":[{"href":"https:\/\/www.ppesrl.eu\/-wpress\/wp-json\/wp\/v2\/media?parent=5178"}],"wp:term":[{"taxonomy":"product_brand","embeddable":true,"href":"https:\/\/www.ppesrl.eu\/-wpress\/wp-json\/wp\/v2\/product_brand?post=5178"},{"taxonomy":"product_cat","embeddable":true,"href":"https:\/\/www.ppesrl.eu\/-wpress\/wp-json\/wp\/v2\/product_cat?post=5178"},{"taxonomy":"product_tag","embeddable":true,"href":"https:\/\/www.ppesrl.eu\/-wpress\/wp-json\/wp\/v2\/product_tag?post=5178"}],"curies":[{"name":"wp","href":"https:\/\/api.w.org\/{rel}","templated":true}]}}